{"id":709,"date":"2020-10-16T16:40:31","date_gmt":"2020-10-16T14:40:31","guid":{"rendered":"https:\/\/brewersdenmeribel.com\/gallery\/"},"modified":"2026-01-15T17:22:05","modified_gmt":"2026-01-15T16:22:05","slug":"gallerie","status":"publish","type":"page","link":"https:\/\/brewersdenmeribel.com\/fr\/gallerie\/","title":{"rendered":"Gallery"},"content":{"rendered":"<div class=\"wpb-content-wrapper\"><p>[vc_row][vc_column][vc_column_text]D\u00e9couvrez l&rsquo;ambiance du Den Bar M\u00e9ribel : musique live, soir\u00e9es \u00e0 th\u00e8mes, Rock&rsquo;n Roll bingo, Ribs &amp; Jibs et Blues Night pour faire la f\u00eate pendant vos vacances de ski \u00e0 Meribel !<\/p>\n<p style=\"text-align: center;\">On est bien ici.<\/p>\n<div class=\"jhH5U\">\n<div id=\"tw-ob\" class=\"tw-src-ltr\">\n<div class=\"oSioSc\">\n<div id=\"tw-target\">\n<div id=\"kAz1tf\" class=\"g9WsWb\">\n<div id=\"tw-target-text-container\" class=\"tw-ta-container hide-focus-ring tw-nfl\" tabindex=\"0\">\n<p id=\"tw-target-text\" class=\"tw-data-text tw-text-large XcVN5d tw-ta\" dir=\"ltr\" style=\"text-align: center;\" data-placeholder=\"Traduction\">.<\/p>\n<\/div>\n<div class=\"iYB33c\">\n<div id=\"tw-tmenu\" class=\"tw-menu\"><\/div>\n<\/div>\n<\/div>\n<\/div>\n<\/div>\n<\/div>\n<div id=\"tw-images\"><\/div>\n<div class=\"dURPtb\"><\/div>\n<div>\n<div><\/div>\n<\/div>\n<\/div>\n<p>[\/vc_column_text][\/vc_column][\/vc_row][vc_row full_width=\u00a0\u00bbstretch_row_content\u00a0\u00bb full_height=\u00a0\u00bbyes\u00a0\u00bb][vc_column][vc_masonry_media_grid gap=\u00a0\u00bb3&Prime; initial_loading_animation=\u00a0\u00bbfadeIn\u00a0\u00bb grid_id=\u00a0\u00bbvc_gid:1768494029609-47076778-fd89-5&Prime; include=\u00a0\u00bb1248,1252,1254,1256,1258,1260,1264,1266,1270,1272,1276,1280,1268,1284,1286,1288,1298,1304,1352,1350,1449,1122,1004,1496,1498,1500,1502&Prime;][\/vc_column][\/vc_row]<\/p>\n<\/div>","protected":false},"excerpt":{"rendered":"<p>[vc_row][vc_column][vc_column_text]D\u00e9couvrez l&rsquo;ambiance du Den Bar M\u00e9ribel : musique live, soir\u00e9es \u00e0 th\u00e8mes, Rock&rsquo;n Roll bingo, Ribs &amp; Jibs et Blues Night pour faire la f\u00eate pendant vos vacances de ski \u00e0 Meribel ! On est bien ici. . [\/vc_column_text][\/vc_column][\/vc_row][vc_row full_width=\u00a0\u00bbstretch_row_content\u00a0\u00bb full_height=\u00a0\u00bbyes\u00a0\u00bb][vc_column][vc_masonry_media_grid gap=\u00a0\u00bb3&Prime; initial_loading_animation=\u00a0\u00bbfadeIn\u00a0\u00bb grid_id=\u00a0\u00bbvc_gid:1768494029609-47076778-fd89-5&Prime; include=\u00a0\u00bb1248,1252,1254,1256,1258,1260,1264,1266,1270,1272,1276,1280,1268,1284,1286,1288,1298,1304,1352,1350,1449,1122,1004,1496,1498,1500,1502&Prime;][\/vc_column][\/vc_row]<\/p>\n","protected":false},"author":4,"featured_media":0,"parent":0,"menu_order":0,"comment_status":"closed","ping_status":"closed","template":"","meta":{"footnotes":""},"yoast_head":"<!-- This site is optimized with the Yoast SEO plugin v21.8 - https:\/\/yoast.com\/wordpress\/plugins\/seo\/ -->\n<title>Ambiance au Den M\u00e9ribel : les photos des meilleures soir\u00e9es<\/title>\n<meta name=\"description\" content=\"D\u00e9couvrez l&#039;ambiance du Den Meribel : musique live, soir\u00e9es \u00e0 th\u00e8mes, Rock&#039;n Roll bingo, et Blues Night. Les top 10 soir\u00e9es \u00e0 faire\" \/>\n<meta name=\"robots\" content=\"index, follow, max-snippet:-1, max-image-preview:large, max-video-preview:-1\" \/>\n<link rel=\"canonical\" href=\"https:\/\/brewersdenmeribel.com\/fr\/gallerie\/\" \/>\n<meta property=\"og:locale\" content=\"fr_FR\" \/>\n<meta property=\"og:type\" content=\"article\" \/>\n<meta property=\"og:title\" content=\"Ambiance au Den M\u00e9ribel : les photos des meilleures soir\u00e9es\" \/>\n<meta property=\"og:description\" content=\"D\u00e9couvrez l&#039;ambiance du Den Meribel : musique live, soir\u00e9es \u00e0 th\u00e8mes, Rock&#039;n Roll bingo, et Blues Night. Les top 10 soir\u00e9es \u00e0 faire\" \/>\n<meta property=\"og:url\" content=\"https:\/\/brewersdenmeribel.com\/fr\/gallerie\/\" \/>\n<meta property=\"og:site_name\" content=\"The Den Meribel\" \/>\n<meta property=\"article:modified_time\" content=\"2026-01-15T16:22:05+00:00\" \/>\n<meta name=\"twitter:card\" content=\"summary_large_image\" \/>\n<meta name=\"twitter:label1\" content=\"Dur\u00e9e de lecture estim\u00e9e\" \/>\n\t<meta name=\"twitter:data1\" content=\"6 minutes\" \/>\n<script type=\"application\/ld+json\" class=\"yoast-schema-graph\">{\"@context\":\"https:\/\/schema.org\",\"@graph\":[{\"@type\":\"WebPage\",\"@id\":\"https:\/\/brewersdenmeribel.com\/fr\/gallerie\/\",\"url\":\"https:\/\/brewersdenmeribel.com\/fr\/gallerie\/\",\"name\":\"Ambiance au Den M\u00e9ribel : les photos des meilleures soir\u00e9es\",\"isPartOf\":{\"@id\":\"https:\/\/brewersdenmeribel.com\/#website\"},\"datePublished\":\"2020-10-16T14:40:31+00:00\",\"dateModified\":\"2026-01-15T16:22:05+00:00\",\"description\":\"D\u00e9couvrez l'ambiance du Den Meribel : musique live, soir\u00e9es \u00e0 th\u00e8mes, Rock'n Roll bingo, et Blues Night. Les top 10 soir\u00e9es \u00e0 faire\",\"breadcrumb\":{\"@id\":\"https:\/\/brewersdenmeribel.com\/fr\/gallerie\/#breadcrumb\"},\"inLanguage\":\"fr-FR\",\"potentialAction\":[{\"@type\":\"ReadAction\",\"target\":[\"https:\/\/brewersdenmeribel.com\/fr\/gallerie\/\"]}]},{\"@type\":\"BreadcrumbList\",\"@id\":\"https:\/\/brewersdenmeribel.com\/fr\/gallerie\/#breadcrumb\",\"itemListElement\":[{\"@type\":\"ListItem\",\"position\":1,\"name\":\"Home\",\"item\":\"https:\/\/brewersdenmeribel.com\/fr\/\"},{\"@type\":\"ListItem\",\"position\":2,\"name\":\"Gallery\"}]},{\"@type\":\"WebSite\",\"@id\":\"https:\/\/brewersdenmeribel.com\/#website\",\"url\":\"https:\/\/brewersdenmeribel.com\/\",\"name\":\"The Brewers Den\",\"description\":\"urbain bar, mountain hangout, M\u00e9ribel\",\"publisher\":{\"@id\":\"https:\/\/brewersdenmeribel.com\/#organization\"},\"potentialAction\":[{\"@type\":\"SearchAction\",\"target\":{\"@type\":\"EntryPoint\",\"urlTemplate\":\"https:\/\/brewersdenmeribel.com\/?s={search_term_string}\"},\"query-input\":\"required name=search_term_string\"}],\"inLanguage\":\"fr-FR\"},{\"@type\":\"Organization\",\"@id\":\"https:\/\/brewersdenmeribel.com\/#organization\",\"name\":\"The Brewer's Den\",\"url\":\"https:\/\/brewersdenmeribel.com\/\",\"logo\":{\"@type\":\"ImageObject\",\"inLanguage\":\"fr-FR\",\"@id\":\"https:\/\/brewersdenmeribel.com\/#\/schema\/logo\/image\/\",\"url\":\"https:\/\/brewersdenmeribel.com\/wp-content\/uploads\/2018\/10\/logo-brewersden-bleu.png\",\"contentUrl\":\"https:\/\/brewersdenmeribel.com\/wp-content\/uploads\/2018\/10\/logo-brewersden-bleu.png\",\"width\":383,\"height\":651,\"caption\":\"The Brewer's Den\"},\"image\":{\"@id\":\"https:\/\/brewersdenmeribel.com\/#\/schema\/logo\/image\/\"}}]}<\/script>\n<!-- \/ Yoast SEO plugin. -->","yoast_head_json":{"title":"Ambiance au Den M\u00e9ribel : les photos des meilleures soir\u00e9es","description":"D\u00e9couvrez l'ambiance du Den Meribel : musique live, soir\u00e9es \u00e0 th\u00e8mes, Rock'n Roll bingo, et Blues Night. Les top 10 soir\u00e9es \u00e0 faire","robots":{"index":"index","follow":"follow","max-snippet":"max-snippet:-1","max-image-preview":"max-image-preview:large","max-video-preview":"max-video-preview:-1"},"canonical":"https:\/\/brewersdenmeribel.com\/fr\/gallerie\/","og_locale":"fr_FR","og_type":"article","og_title":"Ambiance au Den M\u00e9ribel : les photos des meilleures soir\u00e9es","og_description":"D\u00e9couvrez l'ambiance du Den Meribel : musique live, soir\u00e9es \u00e0 th\u00e8mes, Rock'n Roll bingo, et Blues Night. Les top 10 soir\u00e9es \u00e0 faire","og_url":"https:\/\/brewersdenmeribel.com\/fr\/gallerie\/","og_site_name":"The Den Meribel","article_modified_time":"2026-01-15T16:22:05+00:00","twitter_card":"summary_large_image","twitter_misc":{"Dur\u00e9e de lecture estim\u00e9e":"6 minutes"},"schema":{"@context":"https:\/\/schema.org","@graph":[{"@type":"WebPage","@id":"https:\/\/brewersdenmeribel.com\/fr\/gallerie\/","url":"https:\/\/brewersdenmeribel.com\/fr\/gallerie\/","name":"Ambiance au Den M\u00e9ribel : les photos des meilleures soir\u00e9es","isPartOf":{"@id":"https:\/\/brewersdenmeribel.com\/#website"},"datePublished":"2020-10-16T14:40:31+00:00","dateModified":"2026-01-15T16:22:05+00:00","description":"D\u00e9couvrez l'ambiance du Den Meribel : musique live, soir\u00e9es \u00e0 th\u00e8mes, Rock'n Roll bingo, et Blues Night. Les top 10 soir\u00e9es \u00e0 faire","breadcrumb":{"@id":"https:\/\/brewersdenmeribel.com\/fr\/gallerie\/#breadcrumb"},"inLanguage":"fr-FR","potentialAction":[{"@type":"ReadAction","target":["https:\/\/brewersdenmeribel.com\/fr\/gallerie\/"]}]},{"@type":"BreadcrumbList","@id":"https:\/\/brewersdenmeribel.com\/fr\/gallerie\/#breadcrumb","itemListElement":[{"@type":"ListItem","position":1,"name":"Home","item":"https:\/\/brewersdenmeribel.com\/fr\/"},{"@type":"ListItem","position":2,"name":"Gallery"}]},{"@type":"WebSite","@id":"https:\/\/brewersdenmeribel.com\/#website","url":"https:\/\/brewersdenmeribel.com\/","name":"The Brewers Den","description":"urbain bar, mountain hangout, M\u00e9ribel","publisher":{"@id":"https:\/\/brewersdenmeribel.com\/#organization"},"potentialAction":[{"@type":"SearchAction","target":{"@type":"EntryPoint","urlTemplate":"https:\/\/brewersdenmeribel.com\/?s={search_term_string}"},"query-input":"required name=search_term_string"}],"inLanguage":"fr-FR"},{"@type":"Organization","@id":"https:\/\/brewersdenmeribel.com\/#organization","name":"The Brewer's Den","url":"https:\/\/brewersdenmeribel.com\/","logo":{"@type":"ImageObject","inLanguage":"fr-FR","@id":"https:\/\/brewersdenmeribel.com\/#\/schema\/logo\/image\/","url":"https:\/\/brewersdenmeribel.com\/wp-content\/uploads\/2018\/10\/logo-brewersden-bleu.png","contentUrl":"https:\/\/brewersdenmeribel.com\/wp-content\/uploads\/2018\/10\/logo-brewersden-bleu.png","width":383,"height":651,"caption":"The Brewer's Den"},"image":{"@id":"https:\/\/brewersdenmeribel.com\/#\/schema\/logo\/image\/"}}]}},"publishpress_future_action":{"enabled":false,"date":"2026-04-15 00:19:36","action":"draft","terms":[],"taxonomy":""},"_links":{"self":[{"href":"https:\/\/brewersdenmeribel.com\/fr\/wp-json\/wp\/v2\/pages\/709"}],"collection":[{"href":"https:\/\/brewersdenmeribel.com\/fr\/wp-json\/wp\/v2\/pages"}],"about":[{"href":"https:\/\/brewersdenmeribel.com\/fr\/wp-json\/wp\/v2\/types\/page"}],"author":[{"embeddable":true,"href":"https:\/\/brewersdenmeribel.com\/fr\/wp-json\/wp\/v2\/users\/4"}],"replies":[{"embeddable":true,"href":"https:\/\/brewersdenmeribel.com\/fr\/wp-json\/wp\/v2\/comments?post=709"}],"version-history":[{"count":8,"href":"https:\/\/brewersdenmeribel.com\/fr\/wp-json\/wp\/v2\/pages\/709\/revisions"}],"predecessor-version":[{"id":1507,"href":"https:\/\/brewersdenmeribel.com\/fr\/wp-json\/wp\/v2\/pages\/709\/revisions\/1507"}],"wp:attachment":[{"href":"https:\/\/brewersdenmeribel.com\/fr\/wp-json\/wp\/v2\/media?parent=709"}],"curies":[{"name":"wp","href":"https:\/\/api.w.org\/{rel}","templated":true}]}}