{"id":681,"date":"2020-08-25T11:53:01","date_gmt":"2020-08-25T09:53:01","guid":{"rendered":"https:\/\/brewersdenmeribel.com\/?page_id=681"},"modified":"2026-02-04T15:10:02","modified_gmt":"2026-02-04T14:10:02","slug":"jobs","status":"publish","type":"page","link":"https:\/\/brewersdenmeribel.com\/fr\/jobs\/","title":{"rendered":"JOBS"},"content":{"rendered":"<div class=\"wpb-content-wrapper\"><p>[vc_row full_width=\u00a0\u00bbstretch_row_content\u00a0\u00bb full_height=\u00a0\u00bbyes\u00a0\u00bb el_class=\u00a0\u00bbscrollable-section\u00a0\u00bb][vc_column][vc_empty_space height=\u00a0\u00bb50px\u00a0\u00bb][vc_custom_heading source=\u00a0\u00bbpost_title\u00a0\u00bb font_container=\u00a0\u00bbtag:h2|text_align:center\u00a0\u00bb use_theme_fonts=\u00a0\u00bbyes\u00a0\u00bb][vc_row_inner equal_height=\u00a0\u00bbyes\u00a0\u00bb content_placement=\u00a0\u00bbtop\u00a0\u00bb css=\u00a0\u00bb.vc_custom_1541520506989{background-color: #ffffff !important;}\u00a0\u00bb][vc_column_inner width=\u00a0\u00bb1\/3&Prime; css=\u00a0\u00bb.vc_custom_1544529384985{margin-top: 15px !important;margin-right: 15px !important;margin-bottom: 15px !important;margin-left: 15px !important;padding-top: 25px !important;padding-bottom: 25px !important;background-image: url(https:\/\/brewersdenmeribel.com\/wp-content\/uploads\/2018\/10\/BREWERS-DEN-MERIBEL-SMOKEHOUSE-MENU-SPLIT-e1544529338583.png?id=57) !important;background-position: center !important;background-repeat: no-repeat !important;background-size: cover !important;}\u00a0\u00bb][\/vc_column_inner][vc_column_inner el_class=\u00a0\u00bboutlined\u00a0\u00bb width=\u00a0\u00bb2\/3&Prime; css=\u00a0\u00bb.vc_custom_1541518607829{margin-top: 30px !important;margin-right: 30px !important;margin-bottom: 30px !important;margin-left: 30px !important;padding-top: 30px !important;padding-right: 30px !important;padding-bottom: 30px !important;padding-left: 30px !important;}\u00a0\u00bb][vc_column_text el_class=\u00a0\u00bbadress-info\u00a0\u00bb]<\/p>\n<h3 class=\"title\">REJOIGNEZ L&rsquo;AVENTURE BREWER&rsquo;S DEN<\/h3>\n<p>[\/vc_column_text][vc_column_text]Tu aimes la convivialit\u00e9, le contact client, rejoins l\u2019\u00e9quipe Brewer&rsquo;s Den Meribel<\/p>\n<p>Barman\/Barmaid, Serveur\/Serveuse, Runner, Commis de cuisine, Cuisinier\/Cuisini\u00e8re, Agent de s\u00e9curit\u00e9\u2026<\/p>\n<p>&nbsp;<\/p>\n<p>Pour la saison d\u2019hiver, envoyez-nous un e-mail avec votre CV et dites-nous pourquoi vous \u00eates la personne qu\u2019il nous faut.<\/p>\n<p><a href=\"mailto:recrutement@alpine-bars.com\" target=\"_blank\" rel=\"noopener\">recrutement@alpine-bars.com<\/a><\/p>\n<p>[\/vc_column_text][vc_btn title=\u00a0\u00bbPostule aujourd&rsquo;hui !\u00a0\u00bb link=\u00a0\u00bburl:https%3A%2F%2Fapp.onewayinterview.com%2Finterview%2Freply%2FNgfmWTVY3PXIheR8cxAI%3Ffbclid%3DPAQ0xDSwKqZTlleHRuA2FlbQIxMQABpzqg0VEtWwoqcrxEj_XsAwl3WUCoUmBK4X2Y3O56Z59hz0c-YEhHuL8iibPb_aem_Rq5epWpBmTdoKRDWTvJONQ|target:_blank\u00a0\u00bb][\/vc_column_inner][\/vc_row_inner][\/vc_column][\/vc_row]<\/p>\n<\/div>","protected":false},"excerpt":{"rendered":"<p>[vc_row full_width=\u00a0\u00bbstretch_row_content\u00a0\u00bb full_height=\u00a0\u00bbyes\u00a0\u00bb el_class=\u00a0\u00bbscrollable-section\u00a0\u00bb][vc_column][vc_empty_space height=\u00a0\u00bb50px\u00a0\u00bb][vc_custom_heading source=\u00a0\u00bbpost_title\u00a0\u00bb font_container=\u00a0\u00bbtag:h2|text_align:center\u00a0\u00bb use_theme_fonts=\u00a0\u00bbyes\u00a0\u00bb][vc_row_inner equal_height=\u00a0\u00bbyes\u00a0\u00bb content_placement=\u00a0\u00bbtop\u00a0\u00bb css=\u00a0\u00bb.vc_custom_1541520506989{background-color: #ffffff !important;}\u00a0\u00bb][vc_column_inner width=\u00a0\u00bb1\/3&Prime; css=\u00a0\u00bb.vc_custom_1544529384985{margin-top: 15px !important;margin-right: 15px !important;margin-bottom: 15px !important;margin-left: 15px !important;padding-top: 25px !important;padding-bottom: 25px !important;background-image: url(https:\/\/brewersdenmeribel.com\/wp-content\/uploads\/2018\/10\/BREWERS-DEN-MERIBEL-SMOKEHOUSE-MENU-SPLIT-e1544529338583.png?id=57) !important;background-position: center !important;background-repeat: no-repeat !important;background-size: cover !important;}\u00a0\u00bb][\/vc_column_inner][vc_column_inner el_class=\u00a0\u00bboutlined\u00a0\u00bb width=\u00a0\u00bb2\/3&Prime; css=\u00a0\u00bb.vc_custom_1541518607829{margin-top: 30px !important;margin-right: 30px !important;margin-bottom: 30px !important;margin-left: 30px !important;padding-top: 30px !important;padding-right: 30px !important;padding-bottom: 30px !important;padding-left: 30px !important;}\u00a0\u00bb][vc_column_text el_class=\u00a0\u00bbadress-info\u00a0\u00bb] &hellip; <\/p>\n<p class=\"link-more\"><a href=\"https:\/\/brewersdenmeribel.com\/fr\/jobs\/\" class=\"more-link\">Continuer la lecture<span class=\"screen-reader-text\"> de &laquo;&nbsp;JOBS&nbsp;&raquo;<\/span><\/a><\/p>\n","protected":false},"author":4,"featured_media":0,"parent":0,"menu_order":0,"comment_status":"closed","ping_status":"closed","template":"","meta":{"footnotes":""},"yoast_head":"<!-- This site is optimized with the Yoast SEO plugin v21.8 - https:\/\/yoast.com\/wordpress\/plugins\/seo\/ -->\n<title>JOBS - The Den Meribel<\/title>\n<meta name=\"description\" content=\"Job application : pour d\u00e9poser ta candidature, rendez-vous sur la page Jobs de notre site. Nous recrutement r\u00e9guli\u00e8rement des nouvelles recrues.\" \/>\n<meta name=\"robots\" content=\"index, follow, max-snippet:-1, max-image-preview:large, max-video-preview:-1\" \/>\n<link rel=\"canonical\" href=\"https:\/\/brewersdenmeribel.com\/fr\/jobs\/\" \/>\n<meta property=\"og:locale\" content=\"fr_FR\" \/>\n<meta property=\"og:type\" content=\"article\" \/>\n<meta property=\"og:title\" content=\"JOBS - The Den Meribel\" \/>\n<meta property=\"og:description\" content=\"Job application : pour d\u00e9poser ta candidature, rendez-vous sur la page Jobs de notre site. Nous recrutement r\u00e9guli\u00e8rement des nouvelles recrues.\" \/>\n<meta property=\"og:url\" content=\"https:\/\/brewersdenmeribel.com\/fr\/jobs\/\" \/>\n<meta property=\"og:site_name\" content=\"The Den Meribel\" \/>\n<meta property=\"article:modified_time\" content=\"2026-02-04T14:10:02+00:00\" \/>\n<meta name=\"twitter:card\" content=\"summary_large_image\" \/>\n<meta name=\"twitter:label1\" content=\"Dur\u00e9e de lecture estim\u00e9e\" \/>\n\t<meta name=\"twitter:data1\" content=\"1 minute\" \/>\n<script type=\"application\/ld+json\" class=\"yoast-schema-graph\">{\"@context\":\"https:\/\/schema.org\",\"@graph\":[{\"@type\":\"WebPage\",\"@id\":\"https:\/\/brewersdenmeribel.com\/fr\/jobs\/\",\"url\":\"https:\/\/brewersdenmeribel.com\/fr\/jobs\/\",\"name\":\"JOBS - The Den Meribel\",\"isPartOf\":{\"@id\":\"https:\/\/brewersdenmeribel.com\/#website\"},\"datePublished\":\"2020-08-25T09:53:01+00:00\",\"dateModified\":\"2026-02-04T14:10:02+00:00\",\"description\":\"Job application : pour d\u00e9poser ta candidature, rendez-vous sur la page Jobs de notre site. Nous recrutement r\u00e9guli\u00e8rement des nouvelles recrues.\",\"breadcrumb\":{\"@id\":\"https:\/\/brewersdenmeribel.com\/fr\/jobs\/#breadcrumb\"},\"inLanguage\":\"fr-FR\",\"potentialAction\":[{\"@type\":\"ReadAction\",\"target\":[\"https:\/\/brewersdenmeribel.com\/fr\/jobs\/\"]}]},{\"@type\":\"BreadcrumbList\",\"@id\":\"https:\/\/brewersdenmeribel.com\/fr\/jobs\/#breadcrumb\",\"itemListElement\":[{\"@type\":\"ListItem\",\"position\":1,\"name\":\"Home\",\"item\":\"https:\/\/brewersdenmeribel.com\/fr\/\"},{\"@type\":\"ListItem\",\"position\":2,\"name\":\"JOBS\"}]},{\"@type\":\"WebSite\",\"@id\":\"https:\/\/brewersdenmeribel.com\/#website\",\"url\":\"https:\/\/brewersdenmeribel.com\/\",\"name\":\"The Brewers Den\",\"description\":\"urbain bar, mountain hangout, M\u00e9ribel\",\"publisher\":{\"@id\":\"https:\/\/brewersdenmeribel.com\/#organization\"},\"potentialAction\":[{\"@type\":\"SearchAction\",\"target\":{\"@type\":\"EntryPoint\",\"urlTemplate\":\"https:\/\/brewersdenmeribel.com\/?s={search_term_string}\"},\"query-input\":\"required name=search_term_string\"}],\"inLanguage\":\"fr-FR\"},{\"@type\":\"Organization\",\"@id\":\"https:\/\/brewersdenmeribel.com\/#organization\",\"name\":\"The Brewer's Den\",\"url\":\"https:\/\/brewersdenmeribel.com\/\",\"logo\":{\"@type\":\"ImageObject\",\"inLanguage\":\"fr-FR\",\"@id\":\"https:\/\/brewersdenmeribel.com\/#\/schema\/logo\/image\/\",\"url\":\"https:\/\/brewersdenmeribel.com\/wp-content\/uploads\/2018\/10\/logo-brewersden-bleu.png\",\"contentUrl\":\"https:\/\/brewersdenmeribel.com\/wp-content\/uploads\/2018\/10\/logo-brewersden-bleu.png\",\"width\":383,\"height\":651,\"caption\":\"The Brewer's Den\"},\"image\":{\"@id\":\"https:\/\/brewersdenmeribel.com\/#\/schema\/logo\/image\/\"}}]}<\/script>\n<!-- \/ Yoast SEO plugin. -->","yoast_head_json":{"title":"JOBS - The Den Meribel","description":"Job application : pour d\u00e9poser ta candidature, rendez-vous sur la page Jobs de notre site. Nous recrutement r\u00e9guli\u00e8rement des nouvelles recrues.","robots":{"index":"index","follow":"follow","max-snippet":"max-snippet:-1","max-image-preview":"max-image-preview:large","max-video-preview":"max-video-preview:-1"},"canonical":"https:\/\/brewersdenmeribel.com\/fr\/jobs\/","og_locale":"fr_FR","og_type":"article","og_title":"JOBS - The Den Meribel","og_description":"Job application : pour d\u00e9poser ta candidature, rendez-vous sur la page Jobs de notre site. Nous recrutement r\u00e9guli\u00e8rement des nouvelles recrues.","og_url":"https:\/\/brewersdenmeribel.com\/fr\/jobs\/","og_site_name":"The Den Meribel","article_modified_time":"2026-02-04T14:10:02+00:00","twitter_card":"summary_large_image","twitter_misc":{"Dur\u00e9e de lecture estim\u00e9e":"1 minute"},"schema":{"@context":"https:\/\/schema.org","@graph":[{"@type":"WebPage","@id":"https:\/\/brewersdenmeribel.com\/fr\/jobs\/","url":"https:\/\/brewersdenmeribel.com\/fr\/jobs\/","name":"JOBS - The Den Meribel","isPartOf":{"@id":"https:\/\/brewersdenmeribel.com\/#website"},"datePublished":"2020-08-25T09:53:01+00:00","dateModified":"2026-02-04T14:10:02+00:00","description":"Job application : pour d\u00e9poser ta candidature, rendez-vous sur la page Jobs de notre site. Nous recrutement r\u00e9guli\u00e8rement des nouvelles recrues.","breadcrumb":{"@id":"https:\/\/brewersdenmeribel.com\/fr\/jobs\/#breadcrumb"},"inLanguage":"fr-FR","potentialAction":[{"@type":"ReadAction","target":["https:\/\/brewersdenmeribel.com\/fr\/jobs\/"]}]},{"@type":"BreadcrumbList","@id":"https:\/\/brewersdenmeribel.com\/fr\/jobs\/#breadcrumb","itemListElement":[{"@type":"ListItem","position":1,"name":"Home","item":"https:\/\/brewersdenmeribel.com\/fr\/"},{"@type":"ListItem","position":2,"name":"JOBS"}]},{"@type":"WebSite","@id":"https:\/\/brewersdenmeribel.com\/#website","url":"https:\/\/brewersdenmeribel.com\/","name":"The Brewers Den","description":"urbain bar, mountain hangout, M\u00e9ribel","publisher":{"@id":"https:\/\/brewersdenmeribel.com\/#organization"},"potentialAction":[{"@type":"SearchAction","target":{"@type":"EntryPoint","urlTemplate":"https:\/\/brewersdenmeribel.com\/?s={search_term_string}"},"query-input":"required name=search_term_string"}],"inLanguage":"fr-FR"},{"@type":"Organization","@id":"https:\/\/brewersdenmeribel.com\/#organization","name":"The Brewer's Den","url":"https:\/\/brewersdenmeribel.com\/","logo":{"@type":"ImageObject","inLanguage":"fr-FR","@id":"https:\/\/brewersdenmeribel.com\/#\/schema\/logo\/image\/","url":"https:\/\/brewersdenmeribel.com\/wp-content\/uploads\/2018\/10\/logo-brewersden-bleu.png","contentUrl":"https:\/\/brewersdenmeribel.com\/wp-content\/uploads\/2018\/10\/logo-brewersden-bleu.png","width":383,"height":651,"caption":"The Brewer's Den"},"image":{"@id":"https:\/\/brewersdenmeribel.com\/#\/schema\/logo\/image\/"}}]}},"publishpress_future_action":{"enabled":false,"date":"2026-04-14 22:33:47","action":"draft","terms":[],"taxonomy":""},"_links":{"self":[{"href":"https:\/\/brewersdenmeribel.com\/fr\/wp-json\/wp\/v2\/pages\/681"}],"collection":[{"href":"https:\/\/brewersdenmeribel.com\/fr\/wp-json\/wp\/v2\/pages"}],"about":[{"href":"https:\/\/brewersdenmeribel.com\/fr\/wp-json\/wp\/v2\/types\/page"}],"author":[{"embeddable":true,"href":"https:\/\/brewersdenmeribel.com\/fr\/wp-json\/wp\/v2\/users\/4"}],"replies":[{"embeddable":true,"href":"https:\/\/brewersdenmeribel.com\/fr\/wp-json\/wp\/v2\/comments?post=681"}],"version-history":[{"count":8,"href":"https:\/\/brewersdenmeribel.com\/fr\/wp-json\/wp\/v2\/pages\/681\/revisions"}],"predecessor-version":[{"id":1619,"href":"https:\/\/brewersdenmeribel.com\/fr\/wp-json\/wp\/v2\/pages\/681\/revisions\/1619"}],"wp:attachment":[{"href":"https:\/\/brewersdenmeribel.com\/fr\/wp-json\/wp\/v2\/media?parent=681"}],"curies":[{"name":"wp","href":"https:\/\/api.w.org\/{rel}","templated":true}]}}