{"id":419,"date":"2018-12-20T16:17:09","date_gmt":"2018-12-20T15:17:09","guid":{"rendered":"https:\/\/brewersdenmeribel.com\/mentions-legales\/"},"modified":"2018-12-20T16:17:09","modified_gmt":"2018-12-20T15:17:09","slug":"mentions-legales","status":"publish","type":"page","link":"https:\/\/brewersdenmeribel.com\/fr\/mentions-legales\/","title":{"rendered":"Mentions L\u00e9gales"},"content":{"rendered":"<div class=\"wpb-content-wrapper\"><p>[vc_row full_width=\u00a0\u00bbstretch_row_content\u00a0\u00bb full_height=\u00a0\u00bbyes\u00a0\u00bb el_class=\u00a0\u00bbscrollable-section\u00a0\u00bb][vc_column][vc_empty_space height=\u00a0\u00bb50px\u00a0\u00bb][vc_custom_heading source=\u00a0\u00bbpost_title\u00a0\u00bb font_container=\u00a0\u00bbtag:h2|text_align:center\u00a0\u00bb use_theme_fonts=\u00a0\u00bbyes\u00a0\u00bb][vc_row_inner equal_height=\u00a0\u00bbyes\u00a0\u00bb content_placement=\u00a0\u00bbtop\u00a0\u00bb css=\u00a0\u00bb.vc_custom_1541520506989{background-color: #ffffff !important;}\u00a0\u00bb][vc_column_inner el_class=\u00a0\u00bboutlined\u00a0\u00bb css=\u00a0\u00bb.vc_custom_1541518607829{margin-top: 30px !important;margin-right: 30px !important;margin-bottom: 30px !important;margin-left: 30px !important;padding-top: 30px !important;padding-right: 30px !important;padding-bottom: 30px !important;padding-left: 30px !important;}\u00a0\u00bb][vc_column_text]<\/p>\n<h3>G\u00e9n\u00e9ral<\/h3>\n<p><strong>Le site internet https:\/\/brewersdenmeribel.com est \u00e9dit\u00e9 par :<\/strong><\/p>\n<p>SARL PERISHER<\/p>\n<p>THE BREWER\u2019S DEN \u2013 CRAFT BEER BAR &amp; SMOKEHOUSE RESTAURANT<\/p>\n<p>1ER ETAGE<\/p>\n<p>ROUTE DE MUSSILLON<\/p>\n<p>73550 M\u00c9RIBEL<\/p>\n<p>&nbsp;<\/p>\n<p>Ci-dessous d\u00e9nomm\u00e9 l\u2019\u00e9diteur :<\/p>\n<p>ABIGAIL RATOMSKI \/ MARKETING &amp; COMMUNICATION<br \/>\n0642492014<br \/>\nabi.ratomski@osullivans-pubs.com<\/p>\n<p><strong>\u00a0<\/strong><\/p>\n<p><strong>Le site internet est con\u00e7u et r\u00e9alis\u00e9 par :<\/strong><\/p>\n<p>Agence KEOLIO<\/p>\n<p>14 bis boulevard de Bellechasse, 94100 SAINT-MAUR-DES- FOSS\u00c9S<\/p>\n<p>&nbsp;<\/p>\n<p>Ci-dessous d\u00e9nomm\u00e9 le concepteur<\/p>\n<p>Repr\u00e9sent\u00e9 par M. MARIOT en qualit\u00e9 de g\u00e9rant<\/p>\n<p>Tel : 01 43 94 65 77<\/p>\n<p>Email : keolio@keolio.com<\/p>\n<p>&nbsp;<\/p>\n<p><strong>Le site internet est h\u00e9berg\u00e9 par :<\/strong><\/p>\n<p>OVH<\/p>\n<p>2 Rue Kellermann, 59100 Roubaix, France<\/p>\n<p>Tel: + 33 9 72 10 10 07<\/p>\n<p>&nbsp;<\/p>\n<p>L\u2019\u00e9diteur est responsable de l\u2019ensemble des \u00e9l\u00e9ments (textes, photographies, vid\u00e9os, liens hypertextes) diffus\u00e9s sur le site Internet <strong>https:\/\/brewersdenmeribel.com<\/strong>. Tout contenu illicite relev\u00e9 dans ces \u00e9l\u00e9ments doit \u00eatre signal\u00e9 \u00e0 l\u2019\u00e9diteur et au concepteur en \u00e9crivant \u00e0 keolio@keolio.com et \u00e0 abi.ratomski@osullivans-pubs.com, en pr\u00e9cisant votre nom, vos coordonn\u00e9es, le motif et les justifications de votre demande.<\/p>\n<p>&nbsp;<\/p>\n<p>Il est rappel\u00e9 que le fait pour toute personne de pr\u00e9senter \u00e0 un h\u00e9bergeur un contenu ou une activit\u00e9 comme \u00e9tant illicite dans le but d\u2019en obtenir le retrait ou d\u2019en faire cesser la diffusion, alors qu\u2019elle sait cette information inexacte, est puni d\u2019une peine d\u2019un an d\u2019emprisonnement et de 15.000 \u20ac d\u2019amende.<\/p>\n<p>&nbsp;<\/p>\n<p><strong>Informations g\u00e9n\u00e9rales d\u2019utilisation<\/strong><\/p>\n<p>L\u2019utilisation de ce service est r\u00e9serv\u00e9e \u00e0 un usage strictement personnel. Toute reproduction ou repr\u00e9sentation, en tout ou partie, \u00e0 d\u2019autres fins sur un quelconque support est interdite. Le non-respect de cette interdiction constitue une contrefa\u00e7on pouvant engager la responsabilit\u00e9 civile et p\u00e9nale du contrefacteur. Les informations contenues dans ce service sont non contractuelles et sujettes \u00e0 modification sans pr\u00e9avis.<\/p>\n<p>Les photographies de produits ou de prestations, accompagnant leur description, ne sont pas contractuelles et n\u2019engagent pas l\u2019\u00e9diteur.<\/p>\n<p>Les liens hypertextes qui renvoient vers d\u2019autres sites internet n\u2019engagent pas la responsabilit\u00e9 de l\u2019\u00e9diteur sur les contenus de ces sites internet externes.<\/p>\n<p><strong>Droits d\u2019auteurs<\/strong><\/p>\n<p>Le concepteur est titulaire des droits d\u2019auteur de ses cr\u00e9ations web sur le site Internet <strong>https:\/\/brewersdenmeribel.com<\/strong>, notamment en ce qui concerne le design, les visuels, les images et les textes r\u00e9dig\u00e9s par le concepteur en application de la Loi n\u00b092-597 du 1 juillet 1992 relative au code de la propri\u00e9t\u00e9 intellectuelle. Le d\u00e9tail de ces cr\u00e9ations web peut \u00eatre obtenu par demande au concepteur.<\/p>\n<p>Toute repr\u00e9sentation ou reproduction int\u00e9grale ou partielle faite sans le consentement du concepteur est illicite, et constitue une contrefa\u00e7on sanctionn\u00e9e p\u00e9nalement.<\/p>\n<p>&nbsp;<\/p>\n<p>Il en est de m\u00eame pour la traduction, l\u2019adaptation ou la transformation, l\u2019arrangement ou la reproduction par un art ou un proc\u00e9d\u00e9 quelconque.<\/p>\n<p>L\u2019\u00e9diteur est titulaire des droits d\u2019auteur des autres \u00e9l\u00e9ments du site Internet <strong>https:\/\/brewersdenmeribel.com<\/strong>\u00a0en application de la Loi n\u00b092-597 du 1 juillet 1992 relative au code de la propri\u00e9t\u00e9 intellectuelle<\/p>\n<p>Toute repr\u00e9sentation ou reproduction int\u00e9grale ou partielle faite sans le consentement de l\u2019\u00e9diteur est illicite, et constitue une contrefa\u00e7on sanctionn\u00e9e p\u00e9nalement.<\/p>\n<p>Il en est de m\u00eame pour la traduction, l\u2019adaptation ou la transformation, l\u2019arrangement ou la reproduction par un art ou un proc\u00e9d\u00e9 quelconque.<\/p>\n<p>&nbsp;<\/p>\n<p>Il est interdit d\u2019effectuer des extractions substantielles du contenu du site Internet <strong>https:\/\/brewersdenmeribel.com<\/strong>\u00a0par quelque proc\u00e9d\u00e9 que ce soit, notamment par t\u00e9l\u00e9chargement ou sortie imprimante.<\/p>\n<p>Toutefois, en mentionnant le nom de l\u2019auteur et de la source, sont autoris\u00e9es les copies ou reproductions strictement r\u00e9serv\u00e9es \u00e0 l\u2019usage priv\u00e9 du copiste, non substantielles et non destin\u00e9es \u00e0 une utilisation collective ou publique.<\/p>\n<p>Tous droits de l\u2019auteur des \u0153uvres r\u00e9serv\u00e9s. Sauf autorisation, la reproduction ainsi que toute utilisation des \u0153uvres autre que la consultation individuelle et priv\u00e9e sont interdites.<\/p>\n<p>Le fait de ne pas engager de proc\u00e9dure d\u00e8s la prise de connaissance de ces utilisations non autoris\u00e9es ne vaut pas acceptation des dites utilisations et renonciation aux poursuites.<\/p>\n<p><strong>Contactez-nous<\/strong><\/p>\n<p>Pour toute question, information sur les produits ou prestations pr\u00e9sent\u00e9s sur le site Internet, ou concernant le site Internet lui-m\u00eame, vous pouvez laisser un message \u00e0 l\u2019adresse suivante : <strong><a href=\"mailto:contact@email.fr\">abi.ratomski@osullivans-pubs.com<\/a><\/strong><\/p>\n<p><strong>Composants logiciels<\/strong><\/p>\n<p>Site WordPress<\/p>\n<p><strong>Composants graphiques<\/strong><\/p>\n<p>Pour les \u00e9l\u00e9ments graphiques ne provenant pas de KEOLIO, nous remercions : Adobe Stock.<\/p>\n<p><strong>Protection des donn\u00e9es <\/strong><\/p>\n<p>Les informations recueillies sur ce formulaire sont enregistr\u00e9es dans un fichier informatis\u00e9 par SARL PERISHER pour la Gestion de ses clients et prospects.<\/p>\n<p>Elles sont conserv\u00e9es pendant 5 ans et sont destin\u00e9es au Service commercial et marketing.<\/p>\n<p>Conform\u00e9ment \u00e0 la loi \u00ab informatique et libert\u00e9s \u00bb, vous pouvez exercer votre droit d&rsquo;acc\u00e8s aux donn\u00e9es vous concernant et les faire rectifier en contactant : abi.ratomski@osullivans-pubs.com<\/p>\n<p>Nous vous informons de l\u2019existence de la liste d&rsquo;opposition au d\u00e9marchage t\u00e9l\u00e9phonique \u00ab Bloctel \u00bb, sur laquelle vous pouvez vous inscrire ici : https:\/\/conso.bloctel.fr\/[\/vc_column_text][\/vc_column_inner][\/vc_row_inner][\/vc_column][\/vc_row]<\/p>\n<\/div>","protected":false},"excerpt":{"rendered":"<p>[vc_row full_width=\u00a0\u00bbstretch_row_content\u00a0\u00bb full_height=\u00a0\u00bbyes\u00a0\u00bb el_class=\u00a0\u00bbscrollable-section\u00a0\u00bb][vc_column][vc_empty_space height=\u00a0\u00bb50px\u00a0\u00bb][vc_custom_heading source=\u00a0\u00bbpost_title\u00a0\u00bb font_container=\u00a0\u00bbtag:h2|text_align:center\u00a0\u00bb use_theme_fonts=\u00a0\u00bbyes\u00a0\u00bb][vc_row_inner equal_height=\u00a0\u00bbyes\u00a0\u00bb content_placement=\u00a0\u00bbtop\u00a0\u00bb css=\u00a0\u00bb.vc_custom_1541520506989{background-color: #ffffff !important;}\u00a0\u00bb][vc_column_inner el_class=\u00a0\u00bboutlined\u00a0\u00bb css=\u00a0\u00bb.vc_custom_1541518607829{margin-top: 30px !important;margin-right: 30px !important;margin-bottom: 30px !important;margin-left: 30px !important;padding-top: 30px !important;padding-right: 30px !important;padding-bottom: 30px !important;padding-left: 30px !important;}\u00a0\u00bb][vc_column_text] G\u00e9n\u00e9ral Le site internet https:\/\/brewersdenmeribel.com est \u00e9dit\u00e9 par : SARL PERISHER THE BREWER\u2019S DEN \u2013 CRAFT BEER BAR &amp; SMOKEHOUSE RESTAURANT 1ER ETAGE ROUTE &hellip; <\/p>\n<p class=\"link-more\"><a href=\"https:\/\/brewersdenmeribel.com\/fr\/mentions-legales\/\" class=\"more-link\">Continuer la lecture<span class=\"screen-reader-text\"> de &laquo;&nbsp;Mentions L\u00e9gales&nbsp;&raquo;<\/span><\/a><\/p>\n","protected":false},"author":4,"featured_media":0,"parent":0,"menu_order":0,"comment_status":"closed","ping_status":"closed","template":"","meta":{"footnotes":""},"yoast_head":"<!-- This site is optimized with the Yoast SEO plugin v21.8 - https:\/\/yoast.com\/wordpress\/plugins\/seo\/ -->\n<title>Mentions L\u00e9gales - Site The Brewer&#039;s Den<\/title>\n<meta name=\"description\" content=\"Mentions l\u00e9gales : informations g\u00e9n\u00e9rales, copyright et informations RGPD. Contactez-vous si vous souhaitez plus d&#039;informations.\" \/>\n<meta name=\"robots\" content=\"index, follow, max-snippet:-1, max-image-preview:large, max-video-preview:-1\" \/>\n<link rel=\"canonical\" href=\"https:\/\/brewersdenmeribel.com\/fr\/mentions-legales\/\" \/>\n<meta property=\"og:locale\" content=\"fr_FR\" \/>\n<meta property=\"og:type\" content=\"article\" \/>\n<meta property=\"og:title\" content=\"Mentions L\u00e9gales - Site The Brewer&#039;s Den\" \/>\n<meta property=\"og:description\" content=\"Mentions l\u00e9gales : informations g\u00e9n\u00e9rales, copyright et informations RGPD. Contactez-vous si vous souhaitez plus d&#039;informations.\" \/>\n<meta property=\"og:url\" content=\"https:\/\/brewersdenmeribel.com\/fr\/mentions-legales\/\" \/>\n<meta property=\"og:site_name\" content=\"The Den Meribel\" \/>\n<meta name=\"twitter:card\" content=\"summary_large_image\" \/>\n<meta name=\"twitter:label1\" content=\"Dur\u00e9e de lecture estim\u00e9e\" \/>\n\t<meta name=\"twitter:data1\" content=\"5 minutes\" \/>\n<script type=\"application\/ld+json\" class=\"yoast-schema-graph\">{\"@context\":\"https:\/\/schema.org\",\"@graph\":[{\"@type\":\"WebPage\",\"@id\":\"https:\/\/brewersdenmeribel.com\/fr\/mentions-legales\/\",\"url\":\"https:\/\/brewersdenmeribel.com\/fr\/mentions-legales\/\",\"name\":\"Mentions L\u00e9gales - Site The Brewer's Den\",\"isPartOf\":{\"@id\":\"https:\/\/brewersdenmeribel.com\/#website\"},\"datePublished\":\"2018-12-20T15:17:09+00:00\",\"dateModified\":\"2018-12-20T15:17:09+00:00\",\"description\":\"Mentions l\u00e9gales : informations g\u00e9n\u00e9rales, copyright et informations RGPD. Contactez-vous si vous souhaitez plus d'informations.\",\"breadcrumb\":{\"@id\":\"https:\/\/brewersdenmeribel.com\/fr\/mentions-legales\/#breadcrumb\"},\"inLanguage\":\"fr-FR\",\"potentialAction\":[{\"@type\":\"ReadAction\",\"target\":[\"https:\/\/brewersdenmeribel.com\/fr\/mentions-legales\/\"]}]},{\"@type\":\"BreadcrumbList\",\"@id\":\"https:\/\/brewersdenmeribel.com\/fr\/mentions-legales\/#breadcrumb\",\"itemListElement\":[{\"@type\":\"ListItem\",\"position\":1,\"name\":\"Home\",\"item\":\"https:\/\/brewersdenmeribel.com\/fr\/\"},{\"@type\":\"ListItem\",\"position\":2,\"name\":\"Mentions L\u00e9gales\"}]},{\"@type\":\"WebSite\",\"@id\":\"https:\/\/brewersdenmeribel.com\/#website\",\"url\":\"https:\/\/brewersdenmeribel.com\/\",\"name\":\"The Brewers Den\",\"description\":\"urbain bar, mountain hangout, M\u00e9ribel\",\"publisher\":{\"@id\":\"https:\/\/brewersdenmeribel.com\/#organization\"},\"potentialAction\":[{\"@type\":\"SearchAction\",\"target\":{\"@type\":\"EntryPoint\",\"urlTemplate\":\"https:\/\/brewersdenmeribel.com\/?s={search_term_string}\"},\"query-input\":\"required name=search_term_string\"}],\"inLanguage\":\"fr-FR\"},{\"@type\":\"Organization\",\"@id\":\"https:\/\/brewersdenmeribel.com\/#organization\",\"name\":\"The Brewer's Den\",\"url\":\"https:\/\/brewersdenmeribel.com\/\",\"logo\":{\"@type\":\"ImageObject\",\"inLanguage\":\"fr-FR\",\"@id\":\"https:\/\/brewersdenmeribel.com\/#\/schema\/logo\/image\/\",\"url\":\"https:\/\/brewersdenmeribel.com\/wp-content\/uploads\/2018\/10\/logo-brewersden-bleu.png\",\"contentUrl\":\"https:\/\/brewersdenmeribel.com\/wp-content\/uploads\/2018\/10\/logo-brewersden-bleu.png\",\"width\":383,\"height\":651,\"caption\":\"The Brewer's Den\"},\"image\":{\"@id\":\"https:\/\/brewersdenmeribel.com\/#\/schema\/logo\/image\/\"}}]}<\/script>\n<!-- \/ Yoast SEO plugin. -->","yoast_head_json":{"title":"Mentions L\u00e9gales - Site The Brewer's Den","description":"Mentions l\u00e9gales : informations g\u00e9n\u00e9rales, copyright et informations RGPD. Contactez-vous si vous souhaitez plus d'informations.","robots":{"index":"index","follow":"follow","max-snippet":"max-snippet:-1","max-image-preview":"max-image-preview:large","max-video-preview":"max-video-preview:-1"},"canonical":"https:\/\/brewersdenmeribel.com\/fr\/mentions-legales\/","og_locale":"fr_FR","og_type":"article","og_title":"Mentions L\u00e9gales - Site The Brewer's Den","og_description":"Mentions l\u00e9gales : informations g\u00e9n\u00e9rales, copyright et informations RGPD. Contactez-vous si vous souhaitez plus d'informations.","og_url":"https:\/\/brewersdenmeribel.com\/fr\/mentions-legales\/","og_site_name":"The Den Meribel","twitter_card":"summary_large_image","twitter_misc":{"Dur\u00e9e de lecture estim\u00e9e":"5 minutes"},"schema":{"@context":"https:\/\/schema.org","@graph":[{"@type":"WebPage","@id":"https:\/\/brewersdenmeribel.com\/fr\/mentions-legales\/","url":"https:\/\/brewersdenmeribel.com\/fr\/mentions-legales\/","name":"Mentions L\u00e9gales - Site The Brewer's Den","isPartOf":{"@id":"https:\/\/brewersdenmeribel.com\/#website"},"datePublished":"2018-12-20T15:17:09+00:00","dateModified":"2018-12-20T15:17:09+00:00","description":"Mentions l\u00e9gales : informations g\u00e9n\u00e9rales, copyright et informations RGPD. Contactez-vous si vous souhaitez plus d'informations.","breadcrumb":{"@id":"https:\/\/brewersdenmeribel.com\/fr\/mentions-legales\/#breadcrumb"},"inLanguage":"fr-FR","potentialAction":[{"@type":"ReadAction","target":["https:\/\/brewersdenmeribel.com\/fr\/mentions-legales\/"]}]},{"@type":"BreadcrumbList","@id":"https:\/\/brewersdenmeribel.com\/fr\/mentions-legales\/#breadcrumb","itemListElement":[{"@type":"ListItem","position":1,"name":"Home","item":"https:\/\/brewersdenmeribel.com\/fr\/"},{"@type":"ListItem","position":2,"name":"Mentions L\u00e9gales"}]},{"@type":"WebSite","@id":"https:\/\/brewersdenmeribel.com\/#website","url":"https:\/\/brewersdenmeribel.com\/","name":"The Brewers Den","description":"urbain bar, mountain hangout, M\u00e9ribel","publisher":{"@id":"https:\/\/brewersdenmeribel.com\/#organization"},"potentialAction":[{"@type":"SearchAction","target":{"@type":"EntryPoint","urlTemplate":"https:\/\/brewersdenmeribel.com\/?s={search_term_string}"},"query-input":"required name=search_term_string"}],"inLanguage":"fr-FR"},{"@type":"Organization","@id":"https:\/\/brewersdenmeribel.com\/#organization","name":"The Brewer's Den","url":"https:\/\/brewersdenmeribel.com\/","logo":{"@type":"ImageObject","inLanguage":"fr-FR","@id":"https:\/\/brewersdenmeribel.com\/#\/schema\/logo\/image\/","url":"https:\/\/brewersdenmeribel.com\/wp-content\/uploads\/2018\/10\/logo-brewersden-bleu.png","contentUrl":"https:\/\/brewersdenmeribel.com\/wp-content\/uploads\/2018\/10\/logo-brewersden-bleu.png","width":383,"height":651,"caption":"The Brewer's Den"},"image":{"@id":"https:\/\/brewersdenmeribel.com\/#\/schema\/logo\/image\/"}}]}},"publishpress_future_action":{"enabled":false,"date":"2026-04-16 08:33:34","action":"draft","terms":[],"taxonomy":""},"_links":{"self":[{"href":"https:\/\/brewersdenmeribel.com\/fr\/wp-json\/wp\/v2\/pages\/419"}],"collection":[{"href":"https:\/\/brewersdenmeribel.com\/fr\/wp-json\/wp\/v2\/pages"}],"about":[{"href":"https:\/\/brewersdenmeribel.com\/fr\/wp-json\/wp\/v2\/types\/page"}],"author":[{"embeddable":true,"href":"https:\/\/brewersdenmeribel.com\/fr\/wp-json\/wp\/v2\/users\/4"}],"replies":[{"embeddable":true,"href":"https:\/\/brewersdenmeribel.com\/fr\/wp-json\/wp\/v2\/comments?post=419"}],"version-history":[{"count":1,"href":"https:\/\/brewersdenmeribel.com\/fr\/wp-json\/wp\/v2\/pages\/419\/revisions"}],"predecessor-version":[{"id":420,"href":"https:\/\/brewersdenmeribel.com\/fr\/wp-json\/wp\/v2\/pages\/419\/revisions\/420"}],"wp:attachment":[{"href":"https:\/\/brewersdenmeribel.com\/fr\/wp-json\/wp\/v2\/media?parent=419"}],"curies":[{"name":"wp","href":"https:\/\/api.w.org\/{rel}","templated":true}]}}