{"id":416,"date":"2018-12-20T16:02:19","date_gmt":"2018-12-20T15:02:19","guid":{"rendered":"https:\/\/brewersdenmeribel.com\/evenements\/"},"modified":"2023-12-22T15:27:20","modified_gmt":"2023-12-22T14:27:20","slug":"evenements-meribel-den","status":"publish","type":"page","link":"https:\/\/brewersdenmeribel.com\/fr\/evenements-meribel-den\/","title":{"rendered":"Ev\u00e9nements \u00e0 M\u00e9ribel : toutes les soir\u00e9es au Den"},"content":{"rendered":"<div class=\"wpb-content-wrapper\"><p>[vc_row full_width=\u00a0\u00bbstretch_row_content\u00a0\u00bb full_height=\u00a0\u00bbyes\u00a0\u00bb parallax=\u00a0\u00bbcontent-moving\u00a0\u00bb parallax_image=\u00a0\u00bb59&Prime; parallax_speed_bg=\u00a0\u00bb1.1&Prime; css=\u00a0\u00bb.vc_custom_1542886388096{background-position: center;background-repeat: no-repeat !important;background-size: cover !important;}\u00a0\u00bb el_class=\u00a0\u00bbscrollable-section\u00a0\u00bb][vc_column][vc_empty_space height=\u00a0\u00bb50px\u00a0\u00bb][vc_custom_heading text=\u00a0\u00bbEv\u00e9nements \u00e0 M\u00e9ribel : toutes les soir\u00e9es au Den M\u00e9ribel\u00a0\u00bb font_container=\u00a0\u00bbtag:h1|text_align:center|color:%23efe9a7&Prime; use_theme_fonts=\u00a0\u00bbyes\u00a0\u00bb][vc_row_inner equal_height=\u00a0\u00bbyes\u00a0\u00bb content_placement=\u00a0\u00bbtop\u00a0\u00bb css=\u00a0\u00bb.vc_custom_1541588891294{background-position: center !important;background-repeat: no-repeat !important;background-size: cover !important;}\u00a0\u00bb][vc_column_inner el_class=\u00a0\u00bboutlined\u00a0\u00bb css=\u00a0\u00bb.vc_custom_1651155614575{margin-top: 30px !important;margin-right: 30px !important;margin-bottom: 30px !important;margin-left: 30px !important;padding-top: 30px !important;padding-right: 30px !important;padding-bottom: 30px !important;padding-left: 30px !important;}\u00a0\u00bb][vc_masonry_grid post_type=\u00a0\u00bbpost\u00a0\u00bb max_items=\u00a0\u00bb-1&Prime; style=\u00a0\u00bblazy\u00a0\u00bb show_filter=\u00a0\u00bbyes\u00a0\u00bb element_width=\u00a0\u00bb3&Prime; gap=\u00a0\u00bb20&Prime; grid_id=\u00a0\u00bbvc_gid:1703242460854-812e2769-5a7c-6&Prime; filter_source=\u00a0\u00bbcategory\u00a0\u00bb][\/vc_column_inner][\/vc_row_inner][vc_column_text]<\/p>\n<h3 style=\"text-align: center;\"><span style=\"color: #ffffff;\">Retrouvez toutes les informations sur les soir\u00e9es au Brewer&rsquo;s Den : les groupes invit\u00e9s, soir\u00e9es \u00e0 th\u00e8me, animations, jeux&#8230; Apr\u00e8s une journ\u00e9e sur les pistes, c&rsquo;est l&rsquo;heure d&rsquo;une bonne bi\u00e8re avec vos amis, la musique est live au Brewer&rsquo;s Den !<\/span><\/h3>\n<h3 style=\"text-align: center;\"><span style=\"color: #ffffff;\">L&rsquo;air de la montagne vous creuse l&rsquo;estomac ? Faites-nous confiance pour vous pr\u00e9parer un <a style=\"color: #ffffff;\" href=\"https:\/\/brewersdenmeribel.com\/wp-content\/uploads\/2022\/03\/menu-brewers-den-2022.jpg\">BBQ<\/a> dont vous vous souviendrez longtemps ! Vous pr\u00e9f\u00e9rez d\u00e9guster nos sp\u00e9cialit\u00e9s chez vous ? D\u00e9couvrez notre <a style=\"color: #ffffff;\" href=\"https:\/\/brewersdenmeribel.com\/fr\/commander-en-ligne\/#\/where\">menu \u00e0 emporter et commandez en ligne !<\/a>\u00a0<\/span><\/h3>\n<p>[\/vc_column_text][\/vc_column][\/vc_row]<\/p>\n<\/div>","protected":false},"excerpt":{"rendered":"<p>[vc_row full_width=\u00a0\u00bbstretch_row_content\u00a0\u00bb full_height=\u00a0\u00bbyes\u00a0\u00bb parallax=\u00a0\u00bbcontent-moving\u00a0\u00bb parallax_image=\u00a0\u00bb59&Prime; parallax_speed_bg=\u00a0\u00bb1.1&Prime; css=\u00a0\u00bb.vc_custom_1542886388096{background-position: center;background-repeat: no-repeat !important;background-size: cover !important;}\u00a0\u00bb el_class=\u00a0\u00bbscrollable-section\u00a0\u00bb][vc_column][vc_empty_space height=\u00a0\u00bb50px\u00a0\u00bb][vc_custom_heading text=\u00a0\u00bbEv\u00e9nements \u00e0 M\u00e9ribel : toutes les soir\u00e9es au Den M\u00e9ribel\u00a0\u00bb font_container=\u00a0\u00bbtag:h1|text_align:center|color:%23efe9a7&Prime; use_theme_fonts=\u00a0\u00bbyes\u00a0\u00bb][vc_row_inner equal_height=\u00a0\u00bbyes\u00a0\u00bb content_placement=\u00a0\u00bbtop\u00a0\u00bb css=\u00a0\u00bb.vc_custom_1541588891294{background-position: center !important;background-repeat: no-repeat !important;background-size: cover !important;}\u00a0\u00bb][vc_column_inner el_class=\u00a0\u00bboutlined\u00a0\u00bb css=\u00a0\u00bb.vc_custom_1651155614575{margin-top: 30px !important;margin-right: 30px !important;margin-bottom: 30px !important;margin-left: 30px !important;padding-top: 30px !important;padding-right: 30px !important;padding-bottom: 30px !important;padding-left: 30px !important;}\u00a0\u00bb][vc_masonry_grid post_type=\u00a0\u00bbpost\u00a0\u00bb max_items=\u00a0\u00bb-1&Prime; &hellip; <\/p>\n<p class=\"link-more\"><a href=\"https:\/\/brewersdenmeribel.com\/fr\/evenements-meribel-den\/\" class=\"more-link\">Continuer la lecture<span class=\"screen-reader-text\"> de &laquo;&nbsp;Ev\u00e9nements \u00e0 M\u00e9ribel : toutes les soir\u00e9es au Den&nbsp;&raquo;<\/span><\/a><\/p>\n","protected":false},"author":4,"featured_media":0,"parent":0,"menu_order":0,"comment_status":"closed","ping_status":"closed","template":"","meta":{"footnotes":""},"yoast_head":"<!-- This site is optimized with the Yoast SEO plugin v21.8 - https:\/\/yoast.com\/wordpress\/plugins\/seo\/ -->\n<title>Les soir\u00e9es au Den, des \u00e9v\u00e9nements \u00e0 ne pas manquer \u00e0 M\u00e9ribel<\/title>\n<meta name=\"description\" content=\"Rejoignez-nous au Den M\u00e9ribel pour des \u00e9v\u00e9nements&amp; inoubliable au c\u0153ur de M\u00e9ribel ! Ambiance festif, soir\u00e9es dansante et de la musique live\" \/>\n<meta name=\"robots\" content=\"index, follow, max-snippet:-1, max-image-preview:large, max-video-preview:-1\" \/>\n<link rel=\"canonical\" href=\"https:\/\/brewersdenmeribel.com\/fr\/evenements-meribel-den\/\" \/>\n<meta property=\"og:locale\" content=\"fr_FR\" \/>\n<meta property=\"og:type\" content=\"article\" \/>\n<meta property=\"og:title\" content=\"Les soir\u00e9es au Den, des \u00e9v\u00e9nements \u00e0 ne pas manquer \u00e0 M\u00e9ribel\" \/>\n<meta property=\"og:description\" content=\"Rejoignez-nous au Den M\u00e9ribel pour des \u00e9v\u00e9nements&amp; inoubliable au c\u0153ur de M\u00e9ribel ! Ambiance festif, soir\u00e9es dansante et de la musique live\" \/>\n<meta property=\"og:url\" content=\"https:\/\/brewersdenmeribel.com\/fr\/evenements-meribel-den\/\" \/>\n<meta property=\"og:site_name\" content=\"The Den Meribel\" \/>\n<meta property=\"article:modified_time\" content=\"2023-12-22T14:27:20+00:00\" \/>\n<meta name=\"twitter:card\" content=\"summary_large_image\" \/>\n<meta name=\"twitter:label1\" content=\"Dur\u00e9e de lecture estim\u00e9e\" \/>\n\t<meta name=\"twitter:data1\" content=\"1 minute\" \/>\n<script type=\"application\/ld+json\" class=\"yoast-schema-graph\">{\"@context\":\"https:\/\/schema.org\",\"@graph\":[{\"@type\":\"WebPage\",\"@id\":\"https:\/\/brewersdenmeribel.com\/fr\/evenements-meribel-den\/\",\"url\":\"https:\/\/brewersdenmeribel.com\/fr\/evenements-meribel-den\/\",\"name\":\"Les soir\u00e9es au Den, des \u00e9v\u00e9nements \u00e0 ne pas manquer \u00e0 M\u00e9ribel\",\"isPartOf\":{\"@id\":\"https:\/\/brewersdenmeribel.com\/#website\"},\"datePublished\":\"2018-12-20T15:02:19+00:00\",\"dateModified\":\"2023-12-22T14:27:20+00:00\",\"description\":\"Rejoignez-nous au Den M\u00e9ribel pour des \u00e9v\u00e9nements& inoubliable au c\u0153ur de M\u00e9ribel ! Ambiance festif, soir\u00e9es dansante et de la musique live\",\"breadcrumb\":{\"@id\":\"https:\/\/brewersdenmeribel.com\/fr\/evenements-meribel-den\/#breadcrumb\"},\"inLanguage\":\"fr-FR\",\"potentialAction\":[{\"@type\":\"ReadAction\",\"target\":[\"https:\/\/brewersdenmeribel.com\/fr\/evenements-meribel-den\/\"]}]},{\"@type\":\"BreadcrumbList\",\"@id\":\"https:\/\/brewersdenmeribel.com\/fr\/evenements-meribel-den\/#breadcrumb\",\"itemListElement\":[{\"@type\":\"ListItem\",\"position\":1,\"name\":\"Home\",\"item\":\"https:\/\/brewersdenmeribel.com\/fr\/\"},{\"@type\":\"ListItem\",\"position\":2,\"name\":\"Ev\u00e9nements \u00e0 M\u00e9ribel : toutes les soir\u00e9es au Den\"}]},{\"@type\":\"WebSite\",\"@id\":\"https:\/\/brewersdenmeribel.com\/#website\",\"url\":\"https:\/\/brewersdenmeribel.com\/\",\"name\":\"The Brewers Den\",\"description\":\"urbain bar, mountain hangout, M\u00e9ribel\",\"publisher\":{\"@id\":\"https:\/\/brewersdenmeribel.com\/#organization\"},\"potentialAction\":[{\"@type\":\"SearchAction\",\"target\":{\"@type\":\"EntryPoint\",\"urlTemplate\":\"https:\/\/brewersdenmeribel.com\/?s={search_term_string}\"},\"query-input\":\"required name=search_term_string\"}],\"inLanguage\":\"fr-FR\"},{\"@type\":\"Organization\",\"@id\":\"https:\/\/brewersdenmeribel.com\/#organization\",\"name\":\"The Brewer's Den\",\"url\":\"https:\/\/brewersdenmeribel.com\/\",\"logo\":{\"@type\":\"ImageObject\",\"inLanguage\":\"fr-FR\",\"@id\":\"https:\/\/brewersdenmeribel.com\/#\/schema\/logo\/image\/\",\"url\":\"https:\/\/brewersdenmeribel.com\/wp-content\/uploads\/2018\/10\/logo-brewersden-bleu.png\",\"contentUrl\":\"https:\/\/brewersdenmeribel.com\/wp-content\/uploads\/2018\/10\/logo-brewersden-bleu.png\",\"width\":383,\"height\":651,\"caption\":\"The Brewer's Den\"},\"image\":{\"@id\":\"https:\/\/brewersdenmeribel.com\/#\/schema\/logo\/image\/\"}}]}<\/script>\n<!-- \/ Yoast SEO plugin. -->","yoast_head_json":{"title":"Les soir\u00e9es au Den, des \u00e9v\u00e9nements \u00e0 ne pas manquer \u00e0 M\u00e9ribel","description":"Rejoignez-nous au Den M\u00e9ribel pour des \u00e9v\u00e9nements& inoubliable au c\u0153ur de M\u00e9ribel ! Ambiance festif, soir\u00e9es dansante et de la musique live","robots":{"index":"index","follow":"follow","max-snippet":"max-snippet:-1","max-image-preview":"max-image-preview:large","max-video-preview":"max-video-preview:-1"},"canonical":"https:\/\/brewersdenmeribel.com\/fr\/evenements-meribel-den\/","og_locale":"fr_FR","og_type":"article","og_title":"Les soir\u00e9es au Den, des \u00e9v\u00e9nements \u00e0 ne pas manquer \u00e0 M\u00e9ribel","og_description":"Rejoignez-nous au Den M\u00e9ribel pour des \u00e9v\u00e9nements& inoubliable au c\u0153ur de M\u00e9ribel ! Ambiance festif, soir\u00e9es dansante et de la musique live","og_url":"https:\/\/brewersdenmeribel.com\/fr\/evenements-meribel-den\/","og_site_name":"The Den Meribel","article_modified_time":"2023-12-22T14:27:20+00:00","twitter_card":"summary_large_image","twitter_misc":{"Dur\u00e9e de lecture estim\u00e9e":"1 minute"},"schema":{"@context":"https:\/\/schema.org","@graph":[{"@type":"WebPage","@id":"https:\/\/brewersdenmeribel.com\/fr\/evenements-meribel-den\/","url":"https:\/\/brewersdenmeribel.com\/fr\/evenements-meribel-den\/","name":"Les soir\u00e9es au Den, des \u00e9v\u00e9nements \u00e0 ne pas manquer \u00e0 M\u00e9ribel","isPartOf":{"@id":"https:\/\/brewersdenmeribel.com\/#website"},"datePublished":"2018-12-20T15:02:19+00:00","dateModified":"2023-12-22T14:27:20+00:00","description":"Rejoignez-nous au Den M\u00e9ribel pour des \u00e9v\u00e9nements& inoubliable au c\u0153ur de M\u00e9ribel ! Ambiance festif, soir\u00e9es dansante et de la musique live","breadcrumb":{"@id":"https:\/\/brewersdenmeribel.com\/fr\/evenements-meribel-den\/#breadcrumb"},"inLanguage":"fr-FR","potentialAction":[{"@type":"ReadAction","target":["https:\/\/brewersdenmeribel.com\/fr\/evenements-meribel-den\/"]}]},{"@type":"BreadcrumbList","@id":"https:\/\/brewersdenmeribel.com\/fr\/evenements-meribel-den\/#breadcrumb","itemListElement":[{"@type":"ListItem","position":1,"name":"Home","item":"https:\/\/brewersdenmeribel.com\/fr\/"},{"@type":"ListItem","position":2,"name":"Ev\u00e9nements \u00e0 M\u00e9ribel : toutes les soir\u00e9es au Den"}]},{"@type":"WebSite","@id":"https:\/\/brewersdenmeribel.com\/#website","url":"https:\/\/brewersdenmeribel.com\/","name":"The Brewers Den","description":"urbain bar, mountain hangout, M\u00e9ribel","publisher":{"@id":"https:\/\/brewersdenmeribel.com\/#organization"},"potentialAction":[{"@type":"SearchAction","target":{"@type":"EntryPoint","urlTemplate":"https:\/\/brewersdenmeribel.com\/?s={search_term_string}"},"query-input":"required name=search_term_string"}],"inLanguage":"fr-FR"},{"@type":"Organization","@id":"https:\/\/brewersdenmeribel.com\/#organization","name":"The Brewer's Den","url":"https:\/\/brewersdenmeribel.com\/","logo":{"@type":"ImageObject","inLanguage":"fr-FR","@id":"https:\/\/brewersdenmeribel.com\/#\/schema\/logo\/image\/","url":"https:\/\/brewersdenmeribel.com\/wp-content\/uploads\/2018\/10\/logo-brewersden-bleu.png","contentUrl":"https:\/\/brewersdenmeribel.com\/wp-content\/uploads\/2018\/10\/logo-brewersden-bleu.png","width":383,"height":651,"caption":"The Brewer's Den"},"image":{"@id":"https:\/\/brewersdenmeribel.com\/#\/schema\/logo\/image\/"}}]}},"publishpress_future_action":{"enabled":false,"date":"2026-04-22 09:58:55","action":"draft","terms":[],"taxonomy":""},"_links":{"self":[{"href":"https:\/\/brewersdenmeribel.com\/fr\/wp-json\/wp\/v2\/pages\/416"}],"collection":[{"href":"https:\/\/brewersdenmeribel.com\/fr\/wp-json\/wp\/v2\/pages"}],"about":[{"href":"https:\/\/brewersdenmeribel.com\/fr\/wp-json\/wp\/v2\/types\/page"}],"author":[{"embeddable":true,"href":"https:\/\/brewersdenmeribel.com\/fr\/wp-json\/wp\/v2\/users\/4"}],"replies":[{"embeddable":true,"href":"https:\/\/brewersdenmeribel.com\/fr\/wp-json\/wp\/v2\/comments?post=416"}],"version-history":[{"count":13,"href":"https:\/\/brewersdenmeribel.com\/fr\/wp-json\/wp\/v2\/pages\/416\/revisions"}],"predecessor-version":[{"id":1141,"href":"https:\/\/brewersdenmeribel.com\/fr\/wp-json\/wp\/v2\/pages\/416\/revisions\/1141"}],"wp:attachment":[{"href":"https:\/\/brewersdenmeribel.com\/fr\/wp-json\/wp\/v2\/media?parent=416"}],"curies":[{"name":"wp","href":"https:\/\/api.w.org\/{rel}","templated":true}]}}