{"id":412,"date":"2018-12-20T15:58:04","date_gmt":"2018-12-20T14:58:04","guid":{"rendered":"https:\/\/brewersdenmeribel.com\/about\/"},"modified":"2026-02-04T16:31:10","modified_gmt":"2026-02-04T15:31:10","slug":"about","status":"publish","type":"page","link":"https:\/\/brewersdenmeribel.com\/fr\/about\/","title":{"rendered":"Pourquoi le Den est le meilleur bar \u00e0 M\u00e9ribel"},"content":{"rendered":"<div class=\"wpb-content-wrapper\"><p>[vc_row full_width=\u00a0\u00bbstretch_row_content\u00a0\u00bb full_height=\u00a0\u00bbyes\u00a0\u00bb el_class=\u00a0\u00bbscrollable-section\u00a0\u00bb][vc_column][vc_empty_space height=\u00a0\u00bb50px\u00a0\u00bb][vc_custom_heading source=\u00a0\u00bbpost_title\u00a0\u00bb font_container=\u00a0\u00bbtag:h2|text_align:center\u00a0\u00bb use_theme_fonts=\u00a0\u00bbyes\u00a0\u00bb][vc_row_inner equal_height=\u00a0\u00bbyes\u00a0\u00bb content_placement=\u00a0\u00bbtop\u00a0\u00bb css=\u00a0\u00bb.vc_custom_1541520506989{background-color: #ffffff !important;}\u00a0\u00bb][vc_column_inner el_class=\u00a0\u00bboutlined\u00a0\u00bb width=\u00a0\u00bb1\/2&Prime; css=\u00a0\u00bb.vc_custom_1541518607829{margin-top: 30px !important;margin-right: 30px !important;margin-bottom: 30px !important;margin-left: 30px !important;padding-top: 30px !important;padding-right: 30px !important;padding-bottom: 30px !important;padding-left: 30px !important;}\u00a0\u00bb][vc_column_text css=\u00a0\u00bb.vc_custom_1770219068953{background-color: #2d2d2d !important;}\u00a0\u00bb]<\/p>\n<h3 data-start=\"233\" data-end=\"252\">The Den M\u00e9ribel : <em><strong data-start=\"254\" data-end=\"318\">Une \u00e9tape incontournable lors de votre s\u00e9jour ski \u00e0 M\u00e9ribel.<\/strong><\/em><\/h3>\n<p data-start=\"254\" data-end=\"457\"><br data-start=\"318\" data-end=\"321\" \/><strong data-start=\"321\" data-end=\"332\">The Den<\/strong> est aujourd\u2019hui l\u2019un des <strong data-start=\"358\" data-end=\"407\">bars festifs les plus appr\u00e9ci\u00e9s de la station<\/strong>, aussi bien par les locaux que par les visiteurs.<\/p>\n<p data-start=\"459\" data-end=\"683\">N\u00e9 d\u2019une passion pour les <strong data-start=\"485\" data-end=\"522\">rencontres, la musique et la f\u00eate<\/strong>, The Den est avant tout un <strong data-start=\"550\" data-end=\"587\">bar de montagne \u00e0 l\u2019esprit urbain<\/strong>, o\u00f9 l\u2019on vient pour d\u00e9compresser apr\u00e8s le ski\u2026 et souvent rester bien plus longtemps que pr\u00e9vu.<\/p>\n<p data-start=\"685\" data-end=\"947\">Ouvert tous les jours \u00e0 partir de <strong data-start=\"719\" data-end=\"726\">18h<\/strong>, The Den vous accueille dans une ambiance <strong data-start=\"769\" data-end=\"808\">d\u00e9contract\u00e9e, chaleureuse et anim\u00e9e<\/strong>, avec un service au top et une \u00e9nergie qui \u00e9volue au fil de la soir\u00e9e. Ici, pas de pression, pas de codes stricts : <strong data-start=\"925\" data-end=\"946\">viens comme tu es<\/strong>.<\/p>\n<hr data-start=\"949\" data-end=\"952\" \/>\n<h3 data-start=\"954\" data-end=\"977\">Bien plus qu\u2019un bar<\/h3>\n<p data-start=\"979\" data-end=\"1203\">The Den n\u2019est pas seulement connu pour ses bons drinks et son atmosph\u00e8re conviviale.<br data-start=\"1063\" data-end=\"1066\" \/>Il est surtout r\u00e9put\u00e9 pour ses <strong data-start=\"1097\" data-end=\"1121\">\u00e9v\u00e9nements originaux<\/strong> et ses <strong data-start=\"1129\" data-end=\"1156\">soir\u00e9es de musique live<\/strong>, devenues de v\u00e9ritables rendez-vous \u00e0 M\u00e9ribel.<\/p>\n<p data-start=\"1205\" data-end=\"1380\">Concerts, DJ sets, soir\u00e9es \u00e0 th\u00e8me\u2026 chaque semaine, le bar se transforme et propose une ambiance diff\u00e9rente, toujours port\u00e9e par <strong data-start=\"1334\" data-end=\"1379\">la musique, le partage et la bonne humeur<\/strong>.<\/p>\n<hr data-start=\"1382\" data-end=\"1385\" \/>\n<h3 data-start=\"1387\" data-end=\"1418\">Des soir\u00e9es qui font parler<\/h3>\n<p data-start=\"1420\" data-end=\"1665\">\ud83c\udfb6 <strong data-start=\"1423\" data-end=\"1438\">Blues Night<\/strong><br data-start=\"1438\" data-end=\"1441\" \/>Une fois par mois, place \u00e0 une <strong data-start=\"1472\" data-end=\"1521\">soir\u00e9e de musique live intense et authentique<\/strong>. Des musiciens talentueux, une ambiance \u00e9lectrique et un public qui r\u00e9pond pr\u00e9sent. Une soir\u00e9e \u00e0 vivre au moins une fois\u2026 et souvent bien plus.<\/p>\n<p data-start=\"1667\" data-end=\"1927\">\ud83c\udfb8 <strong data-start=\"1670\" data-end=\"1711\">Rock \u2019n\u2019 Roll Bingo \u2013 Tous les lundis<\/strong><br data-start=\"1711\" data-end=\"1714\" \/>Oui, bingo. Mais version Den.<br data-start=\"1743\" data-end=\"1746\" \/>Un <strong data-start=\"1749\" data-end=\"1773\">quiz musical d\u00e9jant\u00e9<\/strong>, des tubes, des chants \u00e0 tue-t\u00eate, de la danse, du chaos ma\u00eetris\u00e9\u2026 et peut-\u00eatre m\u00eame un lot \u00e0 gagner. Laisse les clich\u00e9s \u00e0 la maison et viens participer.<\/p>\n<hr data-start=\"1929\" data-end=\"1932\" \/>\n<h3 data-start=\"1934\" data-end=\"2008\">Pourquoi The Den fait partie des bars les plus populaires de M\u00e9ribel ?<\/h3>\n<p data-start=\"2010\" data-end=\"2123\">Parce que l\u2019ambiance y est vraie.<br data-start=\"2043\" data-end=\"2046\" \/>Parce que la musique y compte.<br data-start=\"2076\" data-end=\"2079\" \/>Parce que chaque soir\u00e9e a sa personnalit\u00e9.<\/p>\n<p data-start=\"2125\" data-end=\"2191\">\ud83d\udc49 <strong data-start=\"2128\" data-end=\"2191\">Le mieux, c\u2019est encore de venir le d\u00e9couvrir par vous-m\u00eame.<\/strong><\/p>\n<hr data-start=\"2193\" data-end=\"2196\" \/>\n<p data-start=\"2198\" data-end=\"2311\">\ud83d\udcf2 <strong data-start=\"2201\" data-end=\"2216\">Suivez-nous<\/strong><br data-start=\"2216\" data-end=\"2219\" \/><a href=\"https:\/\/www.facebook.com\/thedenmeribel\/\" target=\"_blank\" rel=\"noopener\">Facebook<\/a>, <a href=\"https:\/\/www.instagram.com\/theden_meribel\/\" target=\"_blank\" rel=\"noopener\">Instagram<\/a> &amp; <a href=\"https:\/\/www.tiktok.com\/@thedenmeribel\" target=\"_blank\" rel=\"noopener\">Tiktok<\/a><\/p>\n<p data-start=\"2198\" data-end=\"2311\">Aimez et suivez nos \u00e9v\u00e9nements, partagez et taguez-nous<\/p>\n<p data-start=\"2313\" data-end=\"2422\"><strong data-start=\"2313\" data-end=\"2422\">The Den M\u00e9ribel \u2014 l\u00e0 o\u00f9 les bonnes journ\u00e9es de ski se terminent, et o\u00f9 les meilleures soir\u00e9es commencent.<\/strong><\/p>\n<p>[\/vc_column_text][vc_btn title=\u00a0\u00bbContactez-nous\u00a0\u00bb link=\u00a0\u00bburl:https%3A%2F%2Fbrewersdenmeribel.com%2Finfos%2F%3Flang%3Dfr|\u00a0\u00bb][\/vc_column_inner][vc_column_inner width=\u00a0\u00bb1\/2&Prime; css=\u00a0\u00bb.vc_custom_1703258187818{margin-top: 15px !important;margin-right: 15px !important;margin-bottom: 15px !important;margin-left: 15px !important;padding-top: 50px !important;padding-bottom: 50px !important;background-image: url(https:\/\/brewersdenmeribel.com\/wp-content\/uploads\/2018\/11\/Blues-Night-in-Meribel.jpg?id=397) !important;background-position: center !important;background-repeat: no-repeat !important;background-size: cover !important;}\u00a0\u00bb][\/vc_column_inner][\/vc_row_inner][\/vc_column][\/vc_row]<\/p>\n<\/div>","protected":false},"excerpt":{"rendered":"<p>[vc_row full_width=\u00a0\u00bbstretch_row_content\u00a0\u00bb full_height=\u00a0\u00bbyes\u00a0\u00bb el_class=\u00a0\u00bbscrollable-section\u00a0\u00bb][vc_column][vc_empty_space height=\u00a0\u00bb50px\u00a0\u00bb][vc_custom_heading source=\u00a0\u00bbpost_title\u00a0\u00bb font_container=\u00a0\u00bbtag:h2|text_align:center\u00a0\u00bb use_theme_fonts=\u00a0\u00bbyes\u00a0\u00bb][vc_row_inner equal_height=\u00a0\u00bbyes\u00a0\u00bb content_placement=\u00a0\u00bbtop\u00a0\u00bb css=\u00a0\u00bb.vc_custom_1541520506989{background-color: #ffffff !important;}\u00a0\u00bb][vc_column_inner el_class=\u00a0\u00bboutlined\u00a0\u00bb width=\u00a0\u00bb1\/2&Prime; css=\u00a0\u00bb.vc_custom_1541518607829{margin-top: 30px !important;margin-right: 30px !important;margin-bottom: 30px !important;margin-left: 30px !important;padding-top: 30px !important;padding-right: 30px !important;padding-bottom: 30px !important;padding-left: 30px !important;}\u00a0\u00bb][vc_column_text css=\u00a0\u00bb.vc_custom_1770219068953{background-color: #2d2d2d !important;}\u00a0\u00bb] The Den M\u00e9ribel : Une \u00e9tape incontournable lors de votre s\u00e9jour ski \u00e0 M\u00e9ribel. The Den est aujourd\u2019hui l\u2019un des &hellip; <\/p>\n<p class=\"link-more\"><a href=\"https:\/\/brewersdenmeribel.com\/fr\/about\/\" class=\"more-link\">Continuer la lecture<span class=\"screen-reader-text\"> de &laquo;&nbsp;Pourquoi le Den est le meilleur bar \u00e0 M\u00e9ribel&nbsp;&raquo;<\/span><\/a><\/p>\n","protected":false},"author":4,"featured_media":0,"parent":0,"menu_order":0,"comment_status":"closed","ping_status":"closed","template":"","meta":{"footnotes":""},"yoast_head":"<!-- This site is optimized with the Yoast SEO plugin v21.8 - https:\/\/yoast.com\/wordpress\/plugins\/seo\/ -->\n<title>meilleur bar \u00e0 Meribel : Le Den: R\u00f4tisserie I Restaurant I Bar<\/title>\n<meta name=\"description\" content=\"Le meilleur bar \u00e0 M\u00e9ribel ? Le Den. Une visite incontournable lors de votre voyage de ski \u00e0 M\u00e9ribel. Viandes succulents, musique live &amp; PLUS\" \/>\n<meta name=\"robots\" content=\"index, follow, max-snippet:-1, max-image-preview:large, max-video-preview:-1\" \/>\n<link rel=\"canonical\" href=\"https:\/\/brewersdenmeribel.com\/fr\/about\/\" \/>\n<meta property=\"og:locale\" content=\"fr_FR\" \/>\n<meta property=\"og:type\" content=\"article\" \/>\n<meta property=\"og:title\" content=\"meilleur bar \u00e0 Meribel : Le Den: R\u00f4tisserie I Restaurant I Bar\" \/>\n<meta property=\"og:description\" content=\"Le meilleur bar \u00e0 M\u00e9ribel ? Le Den. Une visite incontournable lors de votre voyage de ski \u00e0 M\u00e9ribel. Viandes succulents, musique live &amp; PLUS\" \/>\n<meta property=\"og:url\" content=\"https:\/\/brewersdenmeribel.com\/fr\/about\/\" \/>\n<meta property=\"og:site_name\" content=\"The Den Meribel\" \/>\n<meta property=\"article:modified_time\" content=\"2026-02-04T15:31:10+00:00\" \/>\n<meta name=\"twitter:card\" content=\"summary_large_image\" \/>\n<meta name=\"twitter:label1\" content=\"Dur\u00e9e de lecture estim\u00e9e\" \/>\n\t<meta name=\"twitter:data1\" content=\"2 minutes\" \/>\n<script type=\"application\/ld+json\" class=\"yoast-schema-graph\">{\"@context\":\"https:\/\/schema.org\",\"@graph\":[{\"@type\":\"WebPage\",\"@id\":\"https:\/\/brewersdenmeribel.com\/fr\/about\/\",\"url\":\"https:\/\/brewersdenmeribel.com\/fr\/about\/\",\"name\":\"meilleur bar \u00e0 Meribel : Le Den: R\u00f4tisserie I Restaurant I Bar\",\"isPartOf\":{\"@id\":\"https:\/\/brewersdenmeribel.com\/#website\"},\"datePublished\":\"2018-12-20T14:58:04+00:00\",\"dateModified\":\"2026-02-04T15:31:10+00:00\",\"description\":\"Le meilleur bar \u00e0 M\u00e9ribel ? Le Den. Une visite incontournable lors de votre voyage de ski \u00e0 M\u00e9ribel. Viandes succulents, musique live & PLUS\",\"breadcrumb\":{\"@id\":\"https:\/\/brewersdenmeribel.com\/fr\/about\/#breadcrumb\"},\"inLanguage\":\"fr-FR\",\"potentialAction\":[{\"@type\":\"ReadAction\",\"target\":[\"https:\/\/brewersdenmeribel.com\/fr\/about\/\"]}]},{\"@type\":\"BreadcrumbList\",\"@id\":\"https:\/\/brewersdenmeribel.com\/fr\/about\/#breadcrumb\",\"itemListElement\":[{\"@type\":\"ListItem\",\"position\":1,\"name\":\"Home\",\"item\":\"https:\/\/brewersdenmeribel.com\/fr\/\"},{\"@type\":\"ListItem\",\"position\":2,\"name\":\"Pourquoi le Den est le meilleur bar \u00e0 M\u00e9ribel\"}]},{\"@type\":\"WebSite\",\"@id\":\"https:\/\/brewersdenmeribel.com\/#website\",\"url\":\"https:\/\/brewersdenmeribel.com\/\",\"name\":\"The Brewers Den\",\"description\":\"urbain bar, mountain hangout, M\u00e9ribel\",\"publisher\":{\"@id\":\"https:\/\/brewersdenmeribel.com\/#organization\"},\"potentialAction\":[{\"@type\":\"SearchAction\",\"target\":{\"@type\":\"EntryPoint\",\"urlTemplate\":\"https:\/\/brewersdenmeribel.com\/?s={search_term_string}\"},\"query-input\":\"required name=search_term_string\"}],\"inLanguage\":\"fr-FR\"},{\"@type\":\"Organization\",\"@id\":\"https:\/\/brewersdenmeribel.com\/#organization\",\"name\":\"The Brewer's Den\",\"url\":\"https:\/\/brewersdenmeribel.com\/\",\"logo\":{\"@type\":\"ImageObject\",\"inLanguage\":\"fr-FR\",\"@id\":\"https:\/\/brewersdenmeribel.com\/#\/schema\/logo\/image\/\",\"url\":\"https:\/\/brewersdenmeribel.com\/wp-content\/uploads\/2018\/10\/logo-brewersden-bleu.png\",\"contentUrl\":\"https:\/\/brewersdenmeribel.com\/wp-content\/uploads\/2018\/10\/logo-brewersden-bleu.png\",\"width\":383,\"height\":651,\"caption\":\"The Brewer's Den\"},\"image\":{\"@id\":\"https:\/\/brewersdenmeribel.com\/#\/schema\/logo\/image\/\"}}]}<\/script>\n<!-- \/ Yoast SEO plugin. -->","yoast_head_json":{"title":"meilleur bar \u00e0 Meribel : Le Den: R\u00f4tisserie I Restaurant I Bar","description":"Le meilleur bar \u00e0 M\u00e9ribel ? Le Den. Une visite incontournable lors de votre voyage de ski \u00e0 M\u00e9ribel. Viandes succulents, musique live & PLUS","robots":{"index":"index","follow":"follow","max-snippet":"max-snippet:-1","max-image-preview":"max-image-preview:large","max-video-preview":"max-video-preview:-1"},"canonical":"https:\/\/brewersdenmeribel.com\/fr\/about\/","og_locale":"fr_FR","og_type":"article","og_title":"meilleur bar \u00e0 Meribel : Le Den: R\u00f4tisserie I Restaurant I Bar","og_description":"Le meilleur bar \u00e0 M\u00e9ribel ? Le Den. Une visite incontournable lors de votre voyage de ski \u00e0 M\u00e9ribel. Viandes succulents, musique live & PLUS","og_url":"https:\/\/brewersdenmeribel.com\/fr\/about\/","og_site_name":"The Den Meribel","article_modified_time":"2026-02-04T15:31:10+00:00","twitter_card":"summary_large_image","twitter_misc":{"Dur\u00e9e de lecture estim\u00e9e":"2 minutes"},"schema":{"@context":"https:\/\/schema.org","@graph":[{"@type":"WebPage","@id":"https:\/\/brewersdenmeribel.com\/fr\/about\/","url":"https:\/\/brewersdenmeribel.com\/fr\/about\/","name":"meilleur bar \u00e0 Meribel : Le Den: R\u00f4tisserie I Restaurant I Bar","isPartOf":{"@id":"https:\/\/brewersdenmeribel.com\/#website"},"datePublished":"2018-12-20T14:58:04+00:00","dateModified":"2026-02-04T15:31:10+00:00","description":"Le meilleur bar \u00e0 M\u00e9ribel ? Le Den. Une visite incontournable lors de votre voyage de ski \u00e0 M\u00e9ribel. Viandes succulents, musique live & PLUS","breadcrumb":{"@id":"https:\/\/brewersdenmeribel.com\/fr\/about\/#breadcrumb"},"inLanguage":"fr-FR","potentialAction":[{"@type":"ReadAction","target":["https:\/\/brewersdenmeribel.com\/fr\/about\/"]}]},{"@type":"BreadcrumbList","@id":"https:\/\/brewersdenmeribel.com\/fr\/about\/#breadcrumb","itemListElement":[{"@type":"ListItem","position":1,"name":"Home","item":"https:\/\/brewersdenmeribel.com\/fr\/"},{"@type":"ListItem","position":2,"name":"Pourquoi le Den est le meilleur bar \u00e0 M\u00e9ribel"}]},{"@type":"WebSite","@id":"https:\/\/brewersdenmeribel.com\/#website","url":"https:\/\/brewersdenmeribel.com\/","name":"The Brewers Den","description":"urbain bar, mountain hangout, M\u00e9ribel","publisher":{"@id":"https:\/\/brewersdenmeribel.com\/#organization"},"potentialAction":[{"@type":"SearchAction","target":{"@type":"EntryPoint","urlTemplate":"https:\/\/brewersdenmeribel.com\/?s={search_term_string}"},"query-input":"required name=search_term_string"}],"inLanguage":"fr-FR"},{"@type":"Organization","@id":"https:\/\/brewersdenmeribel.com\/#organization","name":"The Brewer's Den","url":"https:\/\/brewersdenmeribel.com\/","logo":{"@type":"ImageObject","inLanguage":"fr-FR","@id":"https:\/\/brewersdenmeribel.com\/#\/schema\/logo\/image\/","url":"https:\/\/brewersdenmeribel.com\/wp-content\/uploads\/2018\/10\/logo-brewersden-bleu.png","contentUrl":"https:\/\/brewersdenmeribel.com\/wp-content\/uploads\/2018\/10\/logo-brewersden-bleu.png","width":383,"height":651,"caption":"The Brewer's Den"},"image":{"@id":"https:\/\/brewersdenmeribel.com\/#\/schema\/logo\/image\/"}}]}},"publishpress_future_action":{"enabled":false,"date":"2026-05-02 18:12:06","action":"draft","terms":[],"taxonomy":""},"_links":{"self":[{"href":"https:\/\/brewersdenmeribel.com\/fr\/wp-json\/wp\/v2\/pages\/412"}],"collection":[{"href":"https:\/\/brewersdenmeribel.com\/fr\/wp-json\/wp\/v2\/pages"}],"about":[{"href":"https:\/\/brewersdenmeribel.com\/fr\/wp-json\/wp\/v2\/types\/page"}],"author":[{"embeddable":true,"href":"https:\/\/brewersdenmeribel.com\/fr\/wp-json\/wp\/v2\/users\/4"}],"replies":[{"embeddable":true,"href":"https:\/\/brewersdenmeribel.com\/fr\/wp-json\/wp\/v2\/comments?post=412"}],"version-history":[{"count":20,"href":"https:\/\/brewersdenmeribel.com\/fr\/wp-json\/wp\/v2\/pages\/412\/revisions"}],"predecessor-version":[{"id":1644,"href":"https:\/\/brewersdenmeribel.com\/fr\/wp-json\/wp\/v2\/pages\/412\/revisions\/1644"}],"wp:attachment":[{"href":"https:\/\/brewersdenmeribel.com\/fr\/wp-json\/wp\/v2\/media?parent=412"}],"curies":[{"name":"wp","href":"https:\/\/api.w.org\/{rel}","templated":true}]}}