{"id":343,"date":"2018-10-26T11:05:10","date_gmt":"2018-10-26T09:05:10","guid":{"rendered":"https:\/\/brewersdenmeribel.com\/?page_id=343"},"modified":"2024-12-30T17:18:17","modified_gmt":"2024-12-30T16:18:17","slug":"infos","status":"publish","type":"page","link":"https:\/\/brewersdenmeribel.com\/fr\/infos\/","title":{"rendered":"Reservations &#038; infos"},"content":{"rendered":"<div class=\"wpb-content-wrapper\"><p>[vc_row full_width=\u00a0\u00bbstretch_row_content\u00a0\u00bb full_height=\u00a0\u00bbyes\u00a0\u00bb el_class=\u00a0\u00bbscrollable-section\u00a0\u00bb][vc_column][vc_empty_space height=\u00a0\u00bb50px\u00a0\u00bb][vc_custom_heading text=\u00a0\u00bbRestaurant reservation in Meribel: dine with us at the Den\u00a0\u00bb font_container=\u00a0\u00bbtag:h2|text_align:center\u00a0\u00bb use_theme_fonts=\u00a0\u00bbyes\u00a0\u00bb][vc_row_inner equal_height=\u00a0\u00bbyes\u00a0\u00bb content_placement=\u00a0\u00bbtop\u00a0\u00bb css=\u00a0\u00bb.vc_custom_1541520506989{background-color: #ffffff !important;}\u00a0\u00bb][vc_column_inner width=\u00a0\u00bb1\/3&Prime; css=\u00a0\u00bb.vc_custom_1735574234762{margin-top: 15px !important;margin-right: 15px !important;margin-bottom: 15px !important;margin-left: 15px !important;padding-top: 25px !important;padding-bottom: 25px !important;background-image: url(https:\/\/brewersdenmeribel.com\/wp-content\/uploads\/2024\/12\/den-rotisserie-festif-restaurant-bar-meribel&#8211;scaled.jpg?id=1387) !important;background-position: center !important;background-repeat: no-repeat !important;background-size: cover !important;}\u00a0\u00bb][\/vc_column_inner][vc_column_inner el_class=\u00a0\u00bboutlined\u00a0\u00bb width=\u00a0\u00bb1\/3&Prime; css=\u00a0\u00bb.vc_custom_1541518607829{margin-top: 30px !important;margin-right: 30px !important;margin-bottom: 30px !important;margin-left: 30px !important;padding-top: 30px !important;padding-right: 30px !important;padding-bottom: 30px !important;padding-left: 30px !important;}\u00a0\u00bb][vc_column_text el_class=\u00a0\u00bbadress-info\u00a0\u00bb]<\/p>\n<h3>HOURS<\/h3>\n<p><strong>Bar : <\/strong>Tous les jours de 18h \u00e0 01h<\/p>\n<p><strong>Restaurant :<\/strong> de mardi au dimanche de 18h \u00e0 23h<\/p>\n<p><strong>Emporter :<\/strong> de mardi au dimanche de 19h \u00e0 22h<\/p>\n<p>Consultez notre <a href=\"https:\/\/brewersdenmeribel.com\/events\/\" target=\"_blank\" rel=\"noopener\">page \u00e9v\u00e9nements<\/a> : <strong>la vie nocturne \u00e0 M\u00e9ribel<\/strong> se d\u00e9roule au Den[\/vc_column_text][vc_column_text el_class=\u00a0\u00bbadress-info\u00a0\u00bb]<\/p>\n<h3>ADDRESS<\/h3>\n<h4>The Den &#8211; r\u00f4tisserie restaurant &amp; bar<\/h4>\n<p>1er \u00c9tage \/ First Floor<br \/>\nRoute de Mussillon<br \/>\n73550 M\u00e9ribel[\/vc_column_text][vc_icon type=\u00a0\u00bbmonosocial\u00a0\u00bb icon_monosocial=\u00a0\u00bbvc-mono vc-mono-facebook\u00a0\u00bb color=\u00a0\u00bbcustom\u00a0\u00bb css_animation=\u00a0\u00bbfadeInUp\u00a0\u00bb link=\u00a0\u00bburl:https%3A%2F%2Fwww.facebook.com%2FTheBrewersDenMeribel%2F|title:Like%20%26%20Follow%20us|target:%20_blank|\u00a0\u00bb custom_color=\u00a0\u00bb#2a2b6a\u00a0\u00bb el_class=\u00a0\u00bbfloatLeft padR clear\u00a0\u00bb][vc_icon type=\u00a0\u00bbmonosocial\u00a0\u00bb icon_monosocial=\u00a0\u00bbvc-mono vc-mono-instagram\u00a0\u00bb color=\u00a0\u00bbcustom\u00a0\u00bb css_animation=\u00a0\u00bbfadeInUp\u00a0\u00bb link=\u00a0\u00bburl:https%3A%2F%2Fwww.instagram.com%2Fbrewersdenmeribel%2F%3Fhl%3Den|title:Follow%20%26%20Tag%20us|target:%20_blank|\u00a0\u00bb custom_color=\u00a0\u00bb#2a2b6a\u00a0\u00bb el_class=\u00a0\u00bbfloatLeft padR\u00a0\u00bb][\/vc_column_inner][vc_column_inner width=\u00a0\u00bb1\/3&Prime; css=\u00a0\u00bb.vc_custom_1541693677488{padding-right: 30px !important;}\u00a0\u00bb][vc_column_text el_class=\u00a0\u00bbadress-info\u00a0\u00bb]<\/p>\n<h3>RESERVATIONS<\/h3>\n<p>[\/vc_column_text][vc_column_text]Si vous souhaitez r\u00e9server une table <span style=\"text-decoration: underline;\"><strong>pour ce soir<\/strong><\/span>, nous vous invitons \u00e0 r\u00e9server directement par t\u00e9l\u00e9phone en appelant le<strong> Den<\/strong> au\u00a0\u00a0<a href=\"tel:+33479005751\"><strong>+33 4 79 00 57 51<\/strong><\/a>[\/vc_column_text][vc_column_text]<\/p>\n<h3><strong>TAKE-AWAY \/ Emporter<\/strong><\/h3>\n<p><strong>Pr\u00e9commandes J-1\u00a0<\/strong> : contactez nous par mail avant 16h.<\/p>\n<p><strong>Commandes J-J\u00a0 : <\/strong>appelez nous \u00e0 partir de 17h<\/p>\n<p>Veuillez noter que toutes les commandes \u00e0 emporter \u00e0 un attente d&rsquo;un minimum de 30 minutes (peu varier)<\/p>\n<p>*Pour toute pr\u00e9commandes : Veuillez noter que vous recevrez <strong>un e-mail de confirmation<\/strong> pour confirmer que votre commande a \u00e9t\u00e9 bien prise en compte.[\/vc_column_text][vc_column_text el_class=\u00a0\u00bbcontact-info floatLeft padR\u00a0\u00bb]<\/p>\n<h3>EMAIL<\/h3>\n<p><a href=\"mailto:managerosm@alpine-bars.com\">managerosm@alpine-bars.com<\/a>[\/vc_column_text][vc_column_text el_class=\u00a0\u00bbcontact-info floatLeft padR\u00a0\u00bb]<\/p>\n<h3>CALL<\/h3>\n<p><a href=\"tel:+33479005751\">+33 4 79 00 57 51<\/a>[\/vc_column_text][\/vc_column_inner][\/vc_row_inner][\/vc_column][\/vc_row]<\/p>\n<\/div>","protected":false},"excerpt":{"rendered":"<p>[vc_row full_width=\u00a0\u00bbstretch_row_content\u00a0\u00bb full_height=\u00a0\u00bbyes\u00a0\u00bb el_class=\u00a0\u00bbscrollable-section\u00a0\u00bb][vc_column][vc_empty_space height=\u00a0\u00bb50px\u00a0\u00bb][vc_custom_heading text=\u00a0\u00bbRestaurant reservation in Meribel: dine with us at the Den\u00a0\u00bb font_container=\u00a0\u00bbtag:h2|text_align:center\u00a0\u00bb use_theme_fonts=\u00a0\u00bbyes\u00a0\u00bb][vc_row_inner equal_height=\u00a0\u00bbyes\u00a0\u00bb content_placement=\u00a0\u00bbtop\u00a0\u00bb css=\u00a0\u00bb.vc_custom_1541520506989{background-color: #ffffff !important;}\u00a0\u00bb][vc_column_inner width=\u00a0\u00bb1\/3&Prime; css=\u00a0\u00bb.vc_custom_1735574234762{margin-top: 15px !important;margin-right: 15px !important;margin-bottom: 15px !important;margin-left: 15px !important;padding-top: 25px !important;padding-bottom: 25px !important;background-image: url(https:\/\/brewersdenmeribel.com\/wp-content\/uploads\/2024\/12\/den-rotisserie-festif-restaurant-bar-meribel&#8211;scaled.jpg?id=1387) !important;background-position: center !important;background-repeat: no-repeat !important;background-size: cover !important;}\u00a0\u00bb][\/vc_column_inner][vc_column_inner el_class=\u00a0\u00bboutlined\u00a0\u00bb width=\u00a0\u00bb1\/3&Prime; css=\u00a0\u00bb.vc_custom_1541518607829{margin-top: 30px !important;margin-right: 30px !important;margin-bottom: 30px !important;margin-left: 30px !important;padding-top: &hellip; <\/p>\n<p class=\"link-more\"><a href=\"https:\/\/brewersdenmeribel.com\/fr\/infos\/\" class=\"more-link\">Continuer la lecture<span class=\"screen-reader-text\"> de &laquo;&nbsp;Reservations &#038; infos&nbsp;&raquo;<\/span><\/a><\/p>\n","protected":false},"author":4,"featured_media":0,"parent":0,"menu_order":0,"comment_status":"closed","ping_status":"closed","template":"","meta":{"footnotes":""},"yoast_head":"<!-- This site is optimized with the Yoast SEO plugin v21.8 - https:\/\/yoast.com\/wordpress\/plugins\/seo\/ -->\n<title>Restaurant r\u00e9servation: The Den Meribel: Restaurant &amp; Bar<\/title>\n<meta name=\"description\" content=\"R\u00e9servez votre table pour le d\u00eener au Den \u00e0 M\u00e9ribel. Restaurant-r\u00f4tisserie &amp; bar. Groupes, familles et enfants bienvenus.\" \/>\n<meta name=\"robots\" content=\"index, follow, max-snippet:-1, max-image-preview:large, max-video-preview:-1\" \/>\n<link rel=\"canonical\" href=\"https:\/\/brewersdenmeribel.com\/fr\/infos\/\" \/>\n<meta property=\"og:locale\" content=\"fr_FR\" \/>\n<meta property=\"og:type\" content=\"article\" \/>\n<meta property=\"og:title\" content=\"Restaurant r\u00e9servation: The Den Meribel: Restaurant &amp; Bar\" \/>\n<meta property=\"og:description\" content=\"R\u00e9servez votre table pour le d\u00eener au Den \u00e0 M\u00e9ribel. Restaurant-r\u00f4tisserie &amp; bar. Groupes, familles et enfants bienvenus.\" \/>\n<meta property=\"og:url\" content=\"https:\/\/brewersdenmeribel.com\/fr\/infos\/\" \/>\n<meta property=\"og:site_name\" content=\"The Den Meribel\" \/>\n<meta property=\"article:modified_time\" content=\"2024-12-30T16:18:17+00:00\" \/>\n<meta name=\"twitter:card\" content=\"summary_large_image\" \/>\n<meta name=\"twitter:label1\" content=\"Dur\u00e9e de lecture estim\u00e9e\" \/>\n\t<meta name=\"twitter:data1\" content=\"2 minutes\" \/>\n<script type=\"application\/ld+json\" class=\"yoast-schema-graph\">{\"@context\":\"https:\/\/schema.org\",\"@graph\":[{\"@type\":\"WebPage\",\"@id\":\"https:\/\/brewersdenmeribel.com\/fr\/infos\/\",\"url\":\"https:\/\/brewersdenmeribel.com\/fr\/infos\/\",\"name\":\"Restaurant r\u00e9servation: The Den Meribel: Restaurant & Bar\",\"isPartOf\":{\"@id\":\"https:\/\/brewersdenmeribel.com\/#website\"},\"datePublished\":\"2018-10-26T09:05:10+00:00\",\"dateModified\":\"2024-12-30T16:18:17+00:00\",\"description\":\"R\u00e9servez votre table pour le d\u00eener au Den \u00e0 M\u00e9ribel. Restaurant-r\u00f4tisserie & bar. Groupes, familles et enfants bienvenus.\",\"breadcrumb\":{\"@id\":\"https:\/\/brewersdenmeribel.com\/fr\/infos\/#breadcrumb\"},\"inLanguage\":\"fr-FR\",\"potentialAction\":[{\"@type\":\"ReadAction\",\"target\":[\"https:\/\/brewersdenmeribel.com\/fr\/infos\/\"]}]},{\"@type\":\"BreadcrumbList\",\"@id\":\"https:\/\/brewersdenmeribel.com\/fr\/infos\/#breadcrumb\",\"itemListElement\":[{\"@type\":\"ListItem\",\"position\":1,\"name\":\"Home\",\"item\":\"https:\/\/brewersdenmeribel.com\/fr\/\"},{\"@type\":\"ListItem\",\"position\":2,\"name\":\"Reservations &#038; infos\"}]},{\"@type\":\"WebSite\",\"@id\":\"https:\/\/brewersdenmeribel.com\/#website\",\"url\":\"https:\/\/brewersdenmeribel.com\/\",\"name\":\"The Brewers Den\",\"description\":\"urbain bar, mountain hangout, M\u00e9ribel\",\"publisher\":{\"@id\":\"https:\/\/brewersdenmeribel.com\/#organization\"},\"potentialAction\":[{\"@type\":\"SearchAction\",\"target\":{\"@type\":\"EntryPoint\",\"urlTemplate\":\"https:\/\/brewersdenmeribel.com\/?s={search_term_string}\"},\"query-input\":\"required name=search_term_string\"}],\"inLanguage\":\"fr-FR\"},{\"@type\":\"Organization\",\"@id\":\"https:\/\/brewersdenmeribel.com\/#organization\",\"name\":\"The Brewer's Den\",\"url\":\"https:\/\/brewersdenmeribel.com\/\",\"logo\":{\"@type\":\"ImageObject\",\"inLanguage\":\"fr-FR\",\"@id\":\"https:\/\/brewersdenmeribel.com\/#\/schema\/logo\/image\/\",\"url\":\"https:\/\/brewersdenmeribel.com\/wp-content\/uploads\/2018\/10\/logo-brewersden-bleu.png\",\"contentUrl\":\"https:\/\/brewersdenmeribel.com\/wp-content\/uploads\/2018\/10\/logo-brewersden-bleu.png\",\"width\":383,\"height\":651,\"caption\":\"The Brewer's Den\"},\"image\":{\"@id\":\"https:\/\/brewersdenmeribel.com\/#\/schema\/logo\/image\/\"}}]}<\/script>\n<!-- \/ Yoast SEO plugin. -->","yoast_head_json":{"title":"Restaurant r\u00e9servation: The Den Meribel: Restaurant & Bar","description":"R\u00e9servez votre table pour le d\u00eener au Den \u00e0 M\u00e9ribel. Restaurant-r\u00f4tisserie & bar. Groupes, familles et enfants bienvenus.","robots":{"index":"index","follow":"follow","max-snippet":"max-snippet:-1","max-image-preview":"max-image-preview:large","max-video-preview":"max-video-preview:-1"},"canonical":"https:\/\/brewersdenmeribel.com\/fr\/infos\/","og_locale":"fr_FR","og_type":"article","og_title":"Restaurant r\u00e9servation: The Den Meribel: Restaurant & Bar","og_description":"R\u00e9servez votre table pour le d\u00eener au Den \u00e0 M\u00e9ribel. Restaurant-r\u00f4tisserie & bar. Groupes, familles et enfants bienvenus.","og_url":"https:\/\/brewersdenmeribel.com\/fr\/infos\/","og_site_name":"The Den Meribel","article_modified_time":"2024-12-30T16:18:17+00:00","twitter_card":"summary_large_image","twitter_misc":{"Dur\u00e9e de lecture estim\u00e9e":"2 minutes"},"schema":{"@context":"https:\/\/schema.org","@graph":[{"@type":"WebPage","@id":"https:\/\/brewersdenmeribel.com\/fr\/infos\/","url":"https:\/\/brewersdenmeribel.com\/fr\/infos\/","name":"Restaurant r\u00e9servation: The Den Meribel: Restaurant & Bar","isPartOf":{"@id":"https:\/\/brewersdenmeribel.com\/#website"},"datePublished":"2018-10-26T09:05:10+00:00","dateModified":"2024-12-30T16:18:17+00:00","description":"R\u00e9servez votre table pour le d\u00eener au Den \u00e0 M\u00e9ribel. Restaurant-r\u00f4tisserie & bar. Groupes, familles et enfants bienvenus.","breadcrumb":{"@id":"https:\/\/brewersdenmeribel.com\/fr\/infos\/#breadcrumb"},"inLanguage":"fr-FR","potentialAction":[{"@type":"ReadAction","target":["https:\/\/brewersdenmeribel.com\/fr\/infos\/"]}]},{"@type":"BreadcrumbList","@id":"https:\/\/brewersdenmeribel.com\/fr\/infos\/#breadcrumb","itemListElement":[{"@type":"ListItem","position":1,"name":"Home","item":"https:\/\/brewersdenmeribel.com\/fr\/"},{"@type":"ListItem","position":2,"name":"Reservations &#038; infos"}]},{"@type":"WebSite","@id":"https:\/\/brewersdenmeribel.com\/#website","url":"https:\/\/brewersdenmeribel.com\/","name":"The Brewers Den","description":"urbain bar, mountain hangout, M\u00e9ribel","publisher":{"@id":"https:\/\/brewersdenmeribel.com\/#organization"},"potentialAction":[{"@type":"SearchAction","target":{"@type":"EntryPoint","urlTemplate":"https:\/\/brewersdenmeribel.com\/?s={search_term_string}"},"query-input":"required name=search_term_string"}],"inLanguage":"fr-FR"},{"@type":"Organization","@id":"https:\/\/brewersdenmeribel.com\/#organization","name":"The Brewer's Den","url":"https:\/\/brewersdenmeribel.com\/","logo":{"@type":"ImageObject","inLanguage":"fr-FR","@id":"https:\/\/brewersdenmeribel.com\/#\/schema\/logo\/image\/","url":"https:\/\/brewersdenmeribel.com\/wp-content\/uploads\/2018\/10\/logo-brewersden-bleu.png","contentUrl":"https:\/\/brewersdenmeribel.com\/wp-content\/uploads\/2018\/10\/logo-brewersden-bleu.png","width":383,"height":651,"caption":"The Brewer's Den"},"image":{"@id":"https:\/\/brewersdenmeribel.com\/#\/schema\/logo\/image\/"}}]}},"publishpress_future_action":{"enabled":false,"date":"2026-04-15 00:36:15","action":"draft","terms":[],"taxonomy":""},"_links":{"self":[{"href":"https:\/\/brewersdenmeribel.com\/fr\/wp-json\/wp\/v2\/pages\/343"}],"collection":[{"href":"https:\/\/brewersdenmeribel.com\/fr\/wp-json\/wp\/v2\/pages"}],"about":[{"href":"https:\/\/brewersdenmeribel.com\/fr\/wp-json\/wp\/v2\/types\/page"}],"author":[{"embeddable":true,"href":"https:\/\/brewersdenmeribel.com\/fr\/wp-json\/wp\/v2\/users\/4"}],"replies":[{"embeddable":true,"href":"https:\/\/brewersdenmeribel.com\/fr\/wp-json\/wp\/v2\/comments?post=343"}],"version-history":[{"count":13,"href":"https:\/\/brewersdenmeribel.com\/fr\/wp-json\/wp\/v2\/pages\/343\/revisions"}],"predecessor-version":[{"id":1392,"href":"https:\/\/brewersdenmeribel.com\/fr\/wp-json\/wp\/v2\/pages\/343\/revisions\/1392"}],"wp:attachment":[{"href":"https:\/\/brewersdenmeribel.com\/fr\/wp-json\/wp\/v2\/media?parent=343"}],"curies":[{"name":"wp","href":"https:\/\/api.w.org\/{rel}","templated":true}]}}