{"id":331,"date":"2018-10-26T11:06:23","date_gmt":"2018-10-26T09:06:23","guid":{"rendered":"https:\/\/brewersdenmeribel.com\/?page_id=331"},"modified":"2026-02-04T16:21:33","modified_gmt":"2026-02-04T15:21:33","slug":"den-bar-meribel","status":"publish","type":"page","link":"https:\/\/brewersdenmeribel.com\/fr\/","title":{"rendered":"THE DEN BAR MERIBEL"},"content":{"rendered":"<div class=\"wpb-content-wrapper\"><p>[vc_row full_width=\u00a0\u00bbstretch_row\u00a0\u00bb full_height=\u00a0\u00bbyes\u00a0\u00bb equal_height=\u00a0\u00bbyes\u00a0\u00bb content_placement=\u00a0\u00bbmiddle\u00a0\u00bb parallax=\u00a0\u00bbcontent-moving\u00a0\u00bb parallax_image=\u00a0\u00bb1231&Prime; parallax_speed_bg=\u00a0\u00bb1.1&Prime; css_animation=\u00a0\u00bbnone\u00a0\u00bb el_id=\u00a0\u00bbh1&Prime;][vc_column][vc_row_inner equal_height=\u00a0\u00bbyes\u00a0\u00bb content_placement=\u00a0\u00bbmiddle\u00a0\u00bb][vc_column_inner][vc_column_text]<\/p>\n<h2 data-start=\"213\" data-end=\"233\">THE DEN BAR M\u00c9RIBEL<\/h2>\n<p data-start=\"234\" data-end=\"268\"><strong data-start=\"234\" data-end=\"268\">Bar urbain \u00b7 Mountain hang-out<\/strong><\/p>\n<p>[\/vc_column_text][\/vc_column_inner][\/vc_row_inner][vc_row_inner el_class=\u00a0\u00bbscrollable-section\u00a0\u00bb][vc_column_inner][vc_column_text]<\/p>\n<h3 data-start=\"270\" data-end=\"290\">Bienvenue au Den<\/h3>\n<p data-start=\"292\" data-end=\"613\">Nich\u00e9 au c\u0153ur des montagnes de M\u00e9ribel, <strong data-start=\"332\" data-end=\"343\">The Den<\/strong> est l\u2019endroit parfait pour prolonger une grosse journ\u00e9e de ski.<\/p>\n<p data-start=\"292\" data-end=\"613\"><br data-start=\"407\" data-end=\"410\" \/>Un <strong data-start=\"413\" data-end=\"474\">bar de montagne d\u00e9contract\u00e9 avec une vraie touche urbaine<\/strong>, o\u00f9 l\u2019on sert de bons drinks, o\u00f9 l\u2019on organise des \u00e9v\u00e9nements qui comptent, et o\u00f9 l\u2019ambiance reste <strong data-start=\"574\" data-end=\"612\">simple, chaleureuse et sans chichi<\/strong>.<\/p>\n<p data-start=\"615\" data-end=\"659\">Viens pour un verre.<br data-start=\"635\" data-end=\"638\" \/>Reste pour la soir\u00e9e.<\/p>\n<p>[\/vc_column_text][\/vc_column_inner][\/vc_row_inner][\/vc_column][\/vc_row][vc_row full_width=\u00a0\u00bbstretch_row\u00a0\u00bb full_height=\u00a0\u00bbyes\u00a0\u00bb parallax=\u00a0\u00bbcontent-moving\u00a0\u00bb parallax_image=\u00a0\u00bb1513&Prime; css_animation=\u00a0\u00bbfadeIn\u00a0\u00bb css=\u00a0\u00bb.vc_custom_1770202584600{background-color: #0a0a0a !important;}\u00a0\u00bb][vc_column][vc_column_text]<\/p>\n<p data-start=\"661\" data-end=\"987\">Anciennement restaurant r\u00f4tisserie, <strong data-start=\"697\" data-end=\"717\"><a href=\"https:\/\/www.instagram.com\/theden_meribel\/\" target=\"_blank\" rel=\"noopener\">The Den<\/a> a \u00e9volu\u00e9<\/strong> pour devenir l\u2019un des spots apr\u00e8s-ski les plus appr\u00e9ci\u00e9s de M\u00e9ribel.<\/p>\n<p data-start=\"661\" data-end=\"987\"><br data-start=\"786\" data-end=\"789\" \/>Au programme : <strong data-start=\"804\" data-end=\"905\">cocktails styl\u00e9s, DJs vinyles, jam sessions blues en live, Rock \u2019n\u2019 Roll Bingo et billard gratuit<\/strong>.<\/p>\n<p data-start=\"661\" data-end=\"987\"><br data-start=\"906\" data-end=\"909\" \/>Toujours chaleureux. Toujours accueillant.<br data-start=\"951\" data-end=\"954\" \/>Juste avec un peu plus de groove.<\/p>\n<p data-start=\"989\" data-end=\"1150\">Ici, <strong data-start=\"994\" data-end=\"1049\">les chaussures de ski croisent les tabourets de bar<\/strong>, et les bonnes journ\u00e9es se transforment en <strong data-start=\"1093\" data-end=\"1114\">excellentes nuits<\/strong>.<\/p>\n<p data-start=\"989\" data-end=\"1150\"><br data-start=\"1115\" data-end=\"1118\" \/>Le mood ? <strong data-start=\"1128\" data-end=\"1150\">Viens comme tu es.<\/strong><\/p>\n<p>[\/vc_column_text][vc_row_inner][vc_column_inner][vc_btn title=\u00a0\u00bbDRINKS MENU\u00a0\u00bb align=\u00a0\u00bbcenter\u00a0\u00bb link=\u00a0\u00bburl:https%3A%2F%2Fm.appero.co%2F%2385d6bd4c-d9e0-4963-a1dd-7a2e8d941270|target:_blank\u00a0\u00bb][\/vc_column_inner][\/vc_row_inner][\/vc_column][\/vc_row][vc_row full_width=\u00a0\u00bbstretch_row\u00a0\u00bb full_height=\u00a0\u00bbyes\u00a0\u00bb parallax=\u00a0\u00bbcontent-moving-fade\u00a0\u00bb parallax_image=\u00a0\u00bb1519&Prime; parallax_speed_bg=\u00a0\u00bb1.1&Prime; css_animation=\u00a0\u00bbnone\u00a0\u00bb css=\u00a0\u00bb.vc_custom_1770203490181{background-color: #0a0a0a !important;}\u00a0\u00bb][vc_column][vc_column_text]<\/p>\n<h2 data-start=\"1157\" data-end=\"1210\"><a href=\"https:\/\/m.appero.co\/#85d6bd4c-d9e0-4963-a1dd-7a2e8d941270\" target=\"_blank\" rel=\"noopener\">Bons cocktails<\/a>. Pintes bien tir\u00e9es. Z\u00e9ro pression.<\/h2>\n<p data-start=\"1212\" data-end=\"1343\">Que tu sois plut\u00f4t cocktail bien balanc\u00e9, bi\u00e8re artisanale locale ou fid\u00e8le \u00e0 la pinte d\u2019apr\u00e8s-ski, <strong data-start=\"1312\" data-end=\"1341\">le bar a ce qu\u2019il te faut<\/strong> :<\/p>\n<p data-start=\"1347\" data-end=\"1388\"><em><a href=\"https:\/\/m.appero.co\/#85d6bd4c-d9e0-4963-a1dd-7a2e8d941270\" target=\"_blank\" rel=\"noopener\">Cocktails signature<\/a> pleins de caract\u00e8re<\/em><\/p>\n<p data-start=\"1391\" data-end=\"1419\"><em>Bi\u00e8res artisanales locales<\/em><\/p>\n<p data-start=\"1422\" data-end=\"1470\"><em>Des vins parfaits aussi bien \u00e0 18h qu\u2019\u00e0 minuit<\/em><\/p>\n<p data-start=\"1473\" data-end=\"1541\"><em>Une s\u00e9lection <strong data-start=\"1487\" data-end=\"1500\">Zero Hero<\/strong> avec softs et boissons chaudes d\u2019hiver<\/em><\/p>\n<p data-start=\"1543\" data-end=\"1594\"><strong>Bonne compagnie, bons drinks, <em>bons moments.\u00a0<\/em><\/strong><\/p>\n<p>[\/vc_column_text][\/vc_column][\/vc_row][vc_row full_width=\u00a0\u00bbstretch_row\u00a0\u00bb full_height=\u00a0\u00bbyes\u00a0\u00bb parallax=\u00a0\u00bbcontent-moving\u00a0\u00bb parallax_image=\u00a0\u00bb1524&Prime; css_animation=\u00a0\u00bbfadeIn\u00a0\u00bb css=\u00a0\u00bb.vc_custom_1770204006551{background-color: #0a0a0a !important;}\u00a0\u00bb][vc_column][vc_column_text]<\/p>\n<h2 data-start=\"1601\" data-end=\"1628\">Billard, puis soir\u00e9e ?<\/h2>\n<p data-start=\"1629\" data-end=\"1666\"><strong data-start=\"1629\" data-end=\"1666\">Joue d\u2019abord. Fais la f\u00eate apr\u00e8s.<\/strong><\/p>\n<p data-start=\"1668\" data-end=\"1843\">Bonne nouvelle : <strong data-start=\"1685\" data-end=\"1711\">le billard est gratuit<\/strong>.<\/p>\n<p data-start=\"1668\" data-end=\"1843\"><br data-start=\"1712\" data-end=\"1715\" \/>Id\u00e9al pour d\u00e9compresser apr\u00e8s le ski, r\u00e9gler une revanche ou patienter pendant le d\u00e9bat \u00e9ternel du <em data-start=\"1814\" data-end=\"1842\">\u00ab juste un dernier verre \u00bb<\/em>.<\/p>\n<p>[\/vc_column_text][\/vc_column][\/vc_row][vc_row full_width=\u00a0\u00bbstretch_row\u00a0\u00bb full_height=\u00a0\u00bbyes\u00a0\u00bb parallax=\u00a0\u00bbcontent-moving-fade\u00a0\u00bb parallax_image=\u00a0\u00bb1530&Prime; parallax_speed_bg=\u00a0\u00bb1.1&Prime; css_animation=\u00a0\u00bbnone\u00a0\u00bb css=\u00a0\u00bb.vc_custom_1770204627710{background-color: #0a0a0a !important;}\u00a0\u00bb el_id=\u00a0\u00bbh5&Prime;][vc_column][vc_column_text]<\/p>\n<h2 data-start=\"1850\" data-end=\"1877\">APR\u00c8S-SKI, VERSION DEN<\/h2>\n<p data-start=\"1878\" data-end=\"1925\"><em><strong data-start=\"1878\" data-end=\"1925\">Petit par la taille. Grand par <a href=\"https:\/\/linktr.ee\/brewersdenmeribel?utm_source=linktree_profile_share&amp;ltsid=01becbfc-2f3a-4461-92e5-8bc68c8eed5f\" target=\"_blank\" rel=\"noopener\">les soir\u00e9es.<\/a><\/strong><\/em><\/p>\n<p data-start=\"1927\" data-end=\"2160\">Le Den est peut-\u00eatre intime et tamis\u00e9, mais <strong data-start=\"1971\" data-end=\"2009\">nos nuits sont tout sauf discr\u00e8tes<\/strong>.<\/p>\n<p data-start=\"1927\" data-end=\"2160\"><br data-start=\"2010\" data-end=\"2013\" \/>Connus dans toute la vall\u00e9e des 3 Vall\u00e9es, nos \u00e9v\u00e9nements misent sur <strong data-start=\"2082\" data-end=\"2159\">la bonne musique, une grosse \u00e9nergie et la participation de tout le monde<\/strong>.<\/p>\n<p data-start=\"2162\" data-end=\"2287\">\ud83c\udfb8 <strong data-start=\"2165\" data-end=\"2196\">R<a href=\"https:\/\/brewersdenmeribel.com\/fr\/non-classifiee\/soiree-festive\/\">Rock \u2019n\u2019 Roll Bingo \u2013 Lundi<\/a><\/strong><br data-start=\"2196\" data-end=\"2199\" \/>Un quiz musical avec du caract\u00e8re. Chanter, danser, perdre le contr\u00f4le\u2026 tout est permis.<\/p>\n<p data-start=\"2289\" data-end=\"2497\">\ud83c\udfb6 <a href=\"https:\/\/brewersdenmeribel.com\/fr\/evenements-fr\/musique-live-meribel\/\" target=\"_blank\" rel=\"noopener\"><strong data-start=\"2292\" data-end=\"2318\">Blues Night \u2013 Jam live<\/strong><\/a><br data-start=\"2318\" data-end=\"2321\" \/>Une fois par mois (le samedi), les meilleurs musiciens de M\u00e9ribel se retrouvent pour une jam blues <strong data-start=\"2420\" data-end=\"2451\">brute, intense et m\u00e9morable<\/strong>\u2026 avec parfois un peu de danse sur les tables.<\/p>\n<p data-start=\"2499\" data-end=\"2659\">\ud83d\udcbf <strong data-start=\"2502\" data-end=\"2525\">Wednesday Fresh Wax<\/strong><br data-start=\"2525\" data-end=\"2528\" \/>DJ sets 100 % vinyles : funk, soul, drum &amp; bass, hip-hop et p\u00e9pites feel-good.<br data-start=\"2606\" data-end=\"2609\" \/>Pas de fioritures. Juste des disques et du groove.<\/p>\n<p data-start=\"2661\" data-end=\"2807\">\ud83c\udfa7 <strong data-start=\"2664\" data-end=\"2687\">Drum &amp; Bass Fridays<\/strong><br data-start=\"2687\" data-end=\"2690\" \/>Grosse basse, nuits longues et \u00e9nergie montagne \u00e0 fond.<br data-start=\"2745\" data-end=\"2748\" \/>Des gens sympas, de la bonne musique, et beaucoup de danse.<\/p>\n<p data-start=\"2809\" data-end=\"2874\">Suis le mouvement. Ressens l\u2019ambiance.<\/p>\n<p data-start=\"2809\" data-end=\"2874\"><br data-start=\"2847\" data-end=\"2850\" \/>Danse si tu en as envie.<\/p>\n<p>[\/vc_column_text][vc_masonry_grid post_type=\u00a0\u00bbpost\u00a0\u00bb max_items=\u00a0\u00bb3&Prime; initial_loading_animation=\u00a0\u00bbfadeIn\u00a0\u00bb grid_id=\u00a0\u00bbvc_gid:1770218474580-2c472168-152a-1&Prime; taxonomies=\u00a0\u00bb16&Prime;][\/vc_column][\/vc_row][vc_row full_width=\u00a0\u00bbstretch_row\u00a0\u00bb full_height=\u00a0\u00bbyes\u00a0\u00bb parallax=\u00a0\u00bbcontent-moving-fade\u00a0\u00bb parallax_image=\u00a0\u00bb1004&Prime; parallax_speed_bg=\u00a0\u00bb1.1&Prime; css_animation=\u00a0\u00bbnone\u00a0\u00bb css=\u00a0\u00bb.vc_custom_1737462469476{background-color: #0a0a0a !important;}\u00a0\u00bb][vc_column][vc_column_text]<\/p>\n<h3 data-start=\"2881\" data-end=\"2931\">Tu cherches un apr\u00e8s-ski avec du caract\u00e8re ?<\/h3>\n<p>&nbsp;<\/p>\n<p data-start=\"2932\" data-end=\"3055\">Un bar qui te fait te sentir local d\u00e8s le premier soir ?<\/p>\n<p data-start=\"2932\" data-end=\"3055\">Un endroit o\u00f9 la musique compte et o\u00f9 l\u2019ambiance fait le reste ?<\/p>\n<p data-start=\"3057\" data-end=\"3082\"><strong data-start=\"3057\" data-end=\"3082\">Tu es au bon endroit.<\/strong><\/p>\n<p data-start=\"3084\" data-end=\"3197\"><strong data-start=\"3084\" data-end=\"3103\">The Den M\u00e9ribel<\/strong><\/p>\n<p data-start=\"3084\" data-end=\"3197\"><br data-start=\"3103\" data-end=\"3106\" \/>\ud83d\udc49 <em data-start=\"3109\" data-end=\"3197\">L\u00e0 o\u00f9 les grandes journ\u00e9es de ski se terminent\u2026 et o\u00f9 les meilleures nuits commencent.<\/em><\/p>\n<p data-start=\"3199\" data-end=\"3246\"><strong data-start=\"3199\" data-end=\"3246\">Alors ? Descends nous voir. On est ouverts.<\/strong><\/p>\n<p>[\/vc_column_text][vc_row_inner][vc_column_inner width=\u00a0\u00bb1\/2&Prime;][vc_column_text]<a href=\"https:\/\/brewersdenmeribel.com\/events\/best-night-meribel\/\" target=\"_blank\" rel=\"noopener\">ROCK N ROLL BINGO<\/a>[\/vc_column_text][vc_images_carousel images=\u00a0\u00bb1536,1538,1350,1231&Prime;][\/vc_column_inner][vc_column_inner width=\u00a0\u00bb1\/2&Prime;][vc_column_text]<a href=\"https:\/\/brewersdenmeribel.com\/fr\/non-classifiee\/soiree-festive\/\" target=\"_blank\" rel=\"noopener\">BLUES NIGHT<\/a>[\/vc_column_text][vc_images_carousel images=\u00a0\u00bb1581,1259,1531&Prime; title=\u00a0\u00bbBLUES NIGHT\u00a0\u00bb][\/vc_column_inner][\/vc_row_inner][\/vc_column][\/vc_row][vc_row full_width=\u00a0\u00bbstretch_row_content\u00a0\u00bb full_height=\u00a0\u00bbyes\u00a0\u00bb css=\u00a0\u00bb.vc_custom_1738166237813{background-color: #000000 !important;}\u00a0\u00bb][vc_column][vc_single_image image=\u00a0\u00bb1308&Prime; img_size=\u00a0\u00bbfull\u00a0\u00bb alignment=\u00a0\u00bbcenter\u00a0\u00bb onclick=\u00a0\u00bbzoom\u00a0\u00bb][\/vc_column][\/vc_row]<\/p>\n<\/div>","protected":false},"excerpt":{"rendered":"<p>[vc_row full_width=\u00a0\u00bbstretch_row\u00a0\u00bb full_height=\u00a0\u00bbyes\u00a0\u00bb equal_height=\u00a0\u00bbyes\u00a0\u00bb content_placement=\u00a0\u00bbmiddle\u00a0\u00bb parallax=\u00a0\u00bbcontent-moving\u00a0\u00bb parallax_image=\u00a0\u00bb1231&Prime; parallax_speed_bg=\u00a0\u00bb1.1&Prime; css_animation=\u00a0\u00bbnone\u00a0\u00bb el_id=\u00a0\u00bbh1&Prime;][vc_column][vc_row_inner equal_height=\u00a0\u00bbyes\u00a0\u00bb content_placement=\u00a0\u00bbmiddle\u00a0\u00bb][vc_column_inner][vc_column_text] THE DEN BAR M\u00c9RIBEL Bar urbain \u00b7 Mountain hang-out [\/vc_column_text][\/vc_column_inner][\/vc_row_inner][vc_row_inner el_class=\u00a0\u00bbscrollable-section\u00a0\u00bb][vc_column_inner][vc_column_text] Bienvenue au Den Nich\u00e9 au c\u0153ur des montagnes de M\u00e9ribel, The Den est l\u2019endroit parfait pour prolonger une grosse journ\u00e9e de ski. Un bar de montagne d\u00e9contract\u00e9 avec une vraie touche urbaine, &hellip; <\/p>\n<p class=\"link-more\"><a href=\"https:\/\/brewersdenmeribel.com\/fr\/\" class=\"more-link\">Continuer la lecture<span class=\"screen-reader-text\"> de &laquo;&nbsp;THE DEN BAR MERIBEL&nbsp;&raquo;<\/span><\/a><\/p>\n","protected":false},"author":4,"featured_media":0,"parent":0,"menu_order":0,"comment_status":"closed","ping_status":"closed","template":"","meta":{"footnotes":""},"yoast_head":"<!-- This site is optimized with the Yoast SEO plugin v21.8 - https:\/\/yoast.com\/wordpress\/plugins\/seo\/ -->\n<title>The Den | Bar festif \u00e0 M\u00e9ribel, apr\u00e8s-ski &amp; soir\u00e9es incontournables<\/title>\n<meta name=\"description\" content=\"The Den, bar festif \u00e0 M\u00e9ribel. Bons drinks, musique live et soir\u00e9es apr\u00e8s-ski \u00e0 forte \u00e9nergie, dans une ambiance d\u00e9contract\u00e9e\" \/>\n<meta name=\"robots\" content=\"index, follow, max-snippet:-1, max-image-preview:large, max-video-preview:-1\" \/>\n<link rel=\"canonical\" href=\"https:\/\/brewersdenmeribel.com\/fr\/\" \/>\n<meta property=\"og:locale\" content=\"fr_FR\" \/>\n<meta property=\"og:type\" content=\"article\" \/>\n<meta property=\"og:title\" content=\"The Den | Bar festif \u00e0 M\u00e9ribel, apr\u00e8s-ski &amp; soir\u00e9es incontournables\" \/>\n<meta property=\"og:description\" content=\"The Den, bar festif \u00e0 M\u00e9ribel. Bons drinks, musique live et soir\u00e9es apr\u00e8s-ski \u00e0 forte \u00e9nergie, dans une ambiance d\u00e9contract\u00e9e\" \/>\n<meta property=\"og:url\" content=\"https:\/\/brewersdenmeribel.com\/fr\/\" \/>\n<meta property=\"og:site_name\" content=\"The Den Meribel\" \/>\n<meta property=\"article:modified_time\" content=\"2026-02-04T15:21:33+00:00\" \/>\n<meta name=\"twitter:card\" content=\"summary_large_image\" \/>\n<meta name=\"twitter:label1\" content=\"Dur\u00e9e de lecture estim\u00e9e\" \/>\n\t<meta name=\"twitter:data1\" content=\"6 minutes\" \/>\n<script type=\"application\/ld+json\" class=\"yoast-schema-graph\">{\"@context\":\"https:\/\/schema.org\",\"@graph\":[{\"@type\":\"WebPage\",\"@id\":\"https:\/\/brewersdenmeribel.com\/fr\/\",\"url\":\"https:\/\/brewersdenmeribel.com\/fr\/\",\"name\":\"The Den | Bar festif \u00e0 M\u00e9ribel, apr\u00e8s-ski & soir\u00e9es incontournables\",\"isPartOf\":{\"@id\":\"https:\/\/brewersdenmeribel.com\/#website\"},\"datePublished\":\"2018-10-26T09:06:23+00:00\",\"dateModified\":\"2026-02-04T15:21:33+00:00\",\"description\":\"The Den, bar festif \u00e0 M\u00e9ribel. Bons drinks, musique live et soir\u00e9es apr\u00e8s-ski \u00e0 forte \u00e9nergie, dans une ambiance d\u00e9contract\u00e9e\",\"breadcrumb\":{\"@id\":\"https:\/\/brewersdenmeribel.com\/fr\/#breadcrumb\"},\"inLanguage\":\"fr-FR\",\"potentialAction\":[{\"@type\":\"ReadAction\",\"target\":[\"https:\/\/brewersdenmeribel.com\/fr\/\"]}]},{\"@type\":\"BreadcrumbList\",\"@id\":\"https:\/\/brewersdenmeribel.com\/fr\/#breadcrumb\",\"itemListElement\":[{\"@type\":\"ListItem\",\"position\":1,\"name\":\"Home\",\"item\":\"https:\/\/brewersdenmeribel.com\/fr\/\"},{\"@type\":\"ListItem\",\"position\":2,\"name\":\"THE DEN BAR MERIBEL\"}]},{\"@type\":\"WebSite\",\"@id\":\"https:\/\/brewersdenmeribel.com\/#website\",\"url\":\"https:\/\/brewersdenmeribel.com\/\",\"name\":\"The Brewers Den\",\"description\":\"urbain bar, mountain hangout, M\u00e9ribel\",\"publisher\":{\"@id\":\"https:\/\/brewersdenmeribel.com\/#organization\"},\"potentialAction\":[{\"@type\":\"SearchAction\",\"target\":{\"@type\":\"EntryPoint\",\"urlTemplate\":\"https:\/\/brewersdenmeribel.com\/?s={search_term_string}\"},\"query-input\":\"required name=search_term_string\"}],\"inLanguage\":\"fr-FR\"},{\"@type\":\"Organization\",\"@id\":\"https:\/\/brewersdenmeribel.com\/#organization\",\"name\":\"The Brewer's Den\",\"url\":\"https:\/\/brewersdenmeribel.com\/\",\"logo\":{\"@type\":\"ImageObject\",\"inLanguage\":\"fr-FR\",\"@id\":\"https:\/\/brewersdenmeribel.com\/#\/schema\/logo\/image\/\",\"url\":\"https:\/\/brewersdenmeribel.com\/wp-content\/uploads\/2018\/10\/logo-brewersden-bleu.png\",\"contentUrl\":\"https:\/\/brewersdenmeribel.com\/wp-content\/uploads\/2018\/10\/logo-brewersden-bleu.png\",\"width\":383,\"height\":651,\"caption\":\"The Brewer's Den\"},\"image\":{\"@id\":\"https:\/\/brewersdenmeribel.com\/#\/schema\/logo\/image\/\"}}]}<\/script>\n<!-- \/ Yoast SEO plugin. -->","yoast_head_json":{"title":"The Den | Bar festif \u00e0 M\u00e9ribel, apr\u00e8s-ski & soir\u00e9es incontournables","description":"The Den, bar festif \u00e0 M\u00e9ribel. Bons drinks, musique live et soir\u00e9es apr\u00e8s-ski \u00e0 forte \u00e9nergie, dans une ambiance d\u00e9contract\u00e9e","robots":{"index":"index","follow":"follow","max-snippet":"max-snippet:-1","max-image-preview":"max-image-preview:large","max-video-preview":"max-video-preview:-1"},"canonical":"https:\/\/brewersdenmeribel.com\/fr\/","og_locale":"fr_FR","og_type":"article","og_title":"The Den | Bar festif \u00e0 M\u00e9ribel, apr\u00e8s-ski & soir\u00e9es incontournables","og_description":"The Den, bar festif \u00e0 M\u00e9ribel. Bons drinks, musique live et soir\u00e9es apr\u00e8s-ski \u00e0 forte \u00e9nergie, dans une ambiance d\u00e9contract\u00e9e","og_url":"https:\/\/brewersdenmeribel.com\/fr\/","og_site_name":"The Den Meribel","article_modified_time":"2026-02-04T15:21:33+00:00","twitter_card":"summary_large_image","twitter_misc":{"Dur\u00e9e de lecture estim\u00e9e":"6 minutes"},"schema":{"@context":"https:\/\/schema.org","@graph":[{"@type":"WebPage","@id":"https:\/\/brewersdenmeribel.com\/fr\/","url":"https:\/\/brewersdenmeribel.com\/fr\/","name":"The Den | Bar festif \u00e0 M\u00e9ribel, apr\u00e8s-ski & soir\u00e9es incontournables","isPartOf":{"@id":"https:\/\/brewersdenmeribel.com\/#website"},"datePublished":"2018-10-26T09:06:23+00:00","dateModified":"2026-02-04T15:21:33+00:00","description":"The Den, bar festif \u00e0 M\u00e9ribel. Bons drinks, musique live et soir\u00e9es apr\u00e8s-ski \u00e0 forte \u00e9nergie, dans une ambiance d\u00e9contract\u00e9e","breadcrumb":{"@id":"https:\/\/brewersdenmeribel.com\/fr\/#breadcrumb"},"inLanguage":"fr-FR","potentialAction":[{"@type":"ReadAction","target":["https:\/\/brewersdenmeribel.com\/fr\/"]}]},{"@type":"BreadcrumbList","@id":"https:\/\/brewersdenmeribel.com\/fr\/#breadcrumb","itemListElement":[{"@type":"ListItem","position":1,"name":"Home","item":"https:\/\/brewersdenmeribel.com\/fr\/"},{"@type":"ListItem","position":2,"name":"THE DEN BAR MERIBEL"}]},{"@type":"WebSite","@id":"https:\/\/brewersdenmeribel.com\/#website","url":"https:\/\/brewersdenmeribel.com\/","name":"The Brewers Den","description":"urbain bar, mountain hangout, M\u00e9ribel","publisher":{"@id":"https:\/\/brewersdenmeribel.com\/#organization"},"potentialAction":[{"@type":"SearchAction","target":{"@type":"EntryPoint","urlTemplate":"https:\/\/brewersdenmeribel.com\/?s={search_term_string}"},"query-input":"required name=search_term_string"}],"inLanguage":"fr-FR"},{"@type":"Organization","@id":"https:\/\/brewersdenmeribel.com\/#organization","name":"The Brewer's Den","url":"https:\/\/brewersdenmeribel.com\/","logo":{"@type":"ImageObject","inLanguage":"fr-FR","@id":"https:\/\/brewersdenmeribel.com\/#\/schema\/logo\/image\/","url":"https:\/\/brewersdenmeribel.com\/wp-content\/uploads\/2018\/10\/logo-brewersden-bleu.png","contentUrl":"https:\/\/brewersdenmeribel.com\/wp-content\/uploads\/2018\/10\/logo-brewersden-bleu.png","width":383,"height":651,"caption":"The Brewer's Den"},"image":{"@id":"https:\/\/brewersdenmeribel.com\/#\/schema\/logo\/image\/"}}]}},"publishpress_future_action":{"enabled":false,"date":"2026-04-12 09:41:13","action":"draft","terms":[],"taxonomy":""},"_links":{"self":[{"href":"https:\/\/brewersdenmeribel.com\/fr\/wp-json\/wp\/v2\/pages\/331"}],"collection":[{"href":"https:\/\/brewersdenmeribel.com\/fr\/wp-json\/wp\/v2\/pages"}],"about":[{"href":"https:\/\/brewersdenmeribel.com\/fr\/wp-json\/wp\/v2\/types\/page"}],"author":[{"embeddable":true,"href":"https:\/\/brewersdenmeribel.com\/fr\/wp-json\/wp\/v2\/users\/4"}],"replies":[{"embeddable":true,"href":"https:\/\/brewersdenmeribel.com\/fr\/wp-json\/wp\/v2\/comments?post=331"}],"version-history":[{"count":63,"href":"https:\/\/brewersdenmeribel.com\/fr\/wp-json\/wp\/v2\/pages\/331\/revisions"}],"predecessor-version":[{"id":1640,"href":"https:\/\/brewersdenmeribel.com\/fr\/wp-json\/wp\/v2\/pages\/331\/revisions\/1640"}],"wp:attachment":[{"href":"https:\/\/brewersdenmeribel.com\/fr\/wp-json\/wp\/v2\/media?parent=331"}],"curies":[{"name":"wp","href":"https:\/\/api.w.org\/{rel}","templated":true}]}}